{"id":11832,"date":"2023-09-26T07:09:14","date_gmt":"2023-09-26T07:09:14","guid":{"rendered":"https:\/\/projectsofar.info\/aisuperior\/?page_id=11832"},"modified":"2023-12-06T05:05:00","modified_gmt":"2023-12-06T05:05:00","slug":"data-privacy","status":"publish","type":"page","link":"https:\/\/aisuperior.com\/de\/data-privacy\/","title":{"rendered":"Daten und Datenschutz"},"content":{"rendered":"<div data-elementor-type=\"wp-page\" data-elementor-id=\"11832\" class=\"elementor elementor-11832\" data-elementor-post-type=\"page\">\n\t\t\t\t\t\t<section class=\"elementor-section elementor-top-section elementor-element elementor-element-87935ac elementor-section-boxed elementor-section-height-default elementor-section-height-default\" data-id=\"87935ac\" data-element_type=\"section\" data-e-type=\"section\" data-settings=\"{&quot;background_background&quot;:&quot;classic&quot;}\">\n\t\t\t\t\t\t<div class=\"elementor-container elementor-column-gap-default\">\n\t\t\t\t\t<div class=\"elementor-column elementor-col-100 elementor-top-column elementor-element elementor-element-6402d4a\" data-id=\"6402d4a\" data-element_type=\"column\" data-e-type=\"column\">\n\t\t\t<div class=\"elementor-widget-wrap elementor-element-populated\">\n\t\t\t\t\t\t<div class=\"elementor-element elementor-element-ca135e5 elementor-widget elementor-widget-heading\" data-id=\"ca135e5\" data-element_type=\"widget\" data-e-type=\"widget\" data-widget_type=\"heading.default\">\n\t\t\t\t\t<h1 class=\"elementor-heading-title elementor-size-default\">Daten und Datenschutz<\/h1>\t\t\t\t<\/div>\n\t\t\t\t\t<\/div>\n\t\t<\/div>\n\t\t\t\t\t<\/div>\n\t\t<\/section>\n\t\t\t\t<section class=\"elementor-section elementor-top-section elementor-element elementor-element-4abaa43e elementor-section-boxed elementor-section-height-default elementor-section-height-default\" data-id=\"4abaa43e\" data-element_type=\"section\" data-e-type=\"section\">\n\t\t\t\t\t\t<div class=\"elementor-container elementor-column-gap-default\">\n\t\t\t\t\t<div class=\"elementor-column elementor-col-100 elementor-top-column elementor-element elementor-element-3de1eb2a\" data-id=\"3de1eb2a\" data-element_type=\"column\" data-e-type=\"column\">\n\t\t\t<div class=\"elementor-widget-wrap elementor-element-populated\">\n\t\t\t\t\t\t<div class=\"elementor-element elementor-element-757c5096 privacy-policy-content elementor-widget elementor-widget-text-editor\" data-id=\"757c5096\" data-element_type=\"widget\" data-e-type=\"widget\" data-widget_type=\"text-editor.default\">\n\t\t\t\t\t\t\t\t\t<div class=\"fl-module fl-module-heading fl-node-60c9da22eae4d fl-animation fl-fade-in fl-animated\" data-node=\"60c9da22eae4d\" data-animation-delay=\"0\" data-animation-duration=\"1\"><div class=\"fl-module-content fl-node-content\"><div class=\"fl-module fl-module-heading fl-node-4a9f20y3uijl\" data-node=\"4a9f20y3uijl\"><div class=\"fl-module-content fl-node-content\"><h2 class=\"fl-heading\"><span class=\"fl-heading-text\">DSGVO (Datenschutz-Grundverordnung)<\/span><\/h2><\/div><\/div><div class=\"fl-module fl-module-separator fl-node-2hgbs6wxidny fl-animation fl-fade-down fl-animated\" data-node=\"2hgbs6wxidny\" data-animation-delay=\"0\" data-animation-duration=\"1\"><div class=\"fl-module-content fl-node-content\"><div class=\"fl-separator\"><span style=\"font-size: 16px;\">\u201eDatenverarbeitung: AI Advanced entspricht der DSGVO und wird von verschiedenen Benutzern verwendet.\u201c<\/span><\/div><\/div><\/div><div class=\"fl-module fl-module-rich-text fl-node-u56yjb1hf4c2 data-privacy-editor\" data-node=\"u56yjb1hf4c2\"><div class=\"fl-module-content fl-node-content\"><div class=\"fl-rich-text\"><p>AI Superior respektiert die Privatsph\u00e4re aller Kunden, insbesondere bei der Verwendung von Daten. Alle Daten und Informationen, die in einem Projekt verwendet werden, werden korrekt in Formaten erfasst und gespeichert, die der Datenschutz-Grundverordnung (DSGVO) entsprechen.<\/p><\/div><\/div><\/div><div class=\"fl-module fl-module-heading fl-node-jn1zp8wqe6km\" data-node=\"jn1zp8wqe6km\"><div class=\"fl-module-content fl-node-content\"><h2 class=\"fl-heading\"><span class=\"fl-heading-text\">Wie wir mit Daten umgehen<\/span><\/h2><\/div><\/div><div class=\"fl-module fl-module-rich-text fl-node-0ial1ew5njqc data-privacy-editor\" data-node=\"0ial1ew5njqc\"><div class=\"fl-module-content fl-node-content\"><div class=\"fl-rich-text\"><p>Um unser Engagement zu demonstrieren, gehen wir gem\u00e4\u00df der DSGVO sorgf\u00e4ltig mit Daten um und anonymisieren sie, um den Datenschutz zu erh\u00f6hen. Alle Datenaufbereitungen werden sorgf\u00e4ltig durchgef\u00fchrt und folgen empfohlenen Richtlinien im Einklang mit globalen Standards. In Bezug auf die Datenerfassung und -verwendung erhalten alle Kunden detaillierte Gesch\u00e4ftsbedingungen, die f\u00fcr den jeweiligen Datentyp gelten.<\/p><\/div><\/div><\/div><\/div><\/div>\t\t\t\t\t\t\t\t<\/div>\n\t\t\t\t<div class=\"elementor-element elementor-element-1f8d714 elementor-align-center elementor-widget elementor-widget-button\" data-id=\"1f8d714\" data-element_type=\"widget\" data-e-type=\"widget\" id=\"data-privacy\" data-widget_type=\"button.default\">\n\t\t\t\t\t\t\t\t\t\t<a class=\"elementor-button elementor-button-link elementor-size-sm\" href=\"#\">\n\t\t\t\t\t\t<span class=\"elementor-button-content-wrapper\">\n\t\t\t\t\t\t\t\t\t<span class=\"elementor-button-text\">Mehr sehen <\/span>\n\t\t\t\t\t<\/span>\n\t\t\t\t\t<\/a>\n\t\t\t\t\t\t\t\t<\/div>\n\t\t\t\t\t<\/div>\n\t\t<\/div>\n\t\t\t\t\t<\/div>\n\t\t<\/section>\n\t\t\t\t<\/div>","protected":false},"excerpt":{"rendered":"<p>Data and Privacy GDPR (General Data Protection Regulation) &#8220;Data handling: AI Superior is compliant with GDPR, Trusted by different customers.&#8221; AI Superior respects the privacy of all customers, especially in the use of data. All data and information engaged in any project are collected and stored correctly in formats in line with General Data Protection [&hellip;]<\/p>\n","protected":false},"author":2,"featured_media":11885,"parent":0,"menu_order":0,"comment_status":"closed","ping_status":"closed","template":"elementor_header_footer","meta":{"_acf_changed":false,"inline_featured_image":false,"site-sidebar-layout":"default","site-content-layout":"","ast-site-content-layout":"default","site-content-style":"default","site-sidebar-style":"default","ast-global-header-display":"","ast-banner-title-visibility":"","ast-main-header-display":"","ast-hfb-above-header-display":"","ast-hfb-below-header-display":"","ast-hfb-mobile-header-display":"","site-post-title":"","ast-breadcrumbs-content":"","ast-featured-img":"","footer-sml-layout":"","ast-disable-related-posts":"","theme-transparent-header-meta":"default","adv-header-id-meta":"","stick-header-meta":"","header-above-stick-meta":"","header-main-stick-meta":"","header-below-stick-meta":"","astra-migrate-meta-layouts":"set","ast-page-background-enabled":"default","ast-page-background-meta":{"desktop":{"background-color":"var(--ast-global-color-4)","background-image":"","background-repeat":"repeat","background-position":"center center","background-size":"auto","background-attachment":"scroll","background-type":"","background-media":"","overlay-type":"","overlay-color":"","overlay-opacity":"","overlay-gradient":""},"tablet":{"background-color":"","background-image":"","background-repeat":"repeat","background-position":"center center","background-size":"auto","background-attachment":"scroll","background-type":"","background-media":"","overlay-type":"","overlay-color":"","overlay-opacity":"","overlay-gradient":""},"mobile":{"background-color":"","background-image":"","background-repeat":"repeat","background-position":"center center","background-size":"auto","background-attachment":"scroll","background-type":"","background-media":"","overlay-type":"","overlay-color":"","overlay-opacity":"","overlay-gradient":""}},"ast-content-background-meta":{"desktop":{"background-color":"var(--ast-global-color-5)","background-image":"","background-repeat":"repeat","background-position":"center center","background-size":"auto","background-attachment":"scroll","background-type":"","background-media":"","overlay-type":"","overlay-color":"","overlay-opacity":"","overlay-gradient":""},"tablet":{"background-color":"var(--ast-global-color-5)","background-image":"","background-repeat":"repeat","background-position":"center center","background-size":"auto","background-attachment":"scroll","background-type":"","background-media":"","overlay-type":"","overlay-color":"","overlay-opacity":"","overlay-gradient":""},"mobile":{"background-color":"var(--ast-global-color-5)","background-image":"","background-repeat":"repeat","background-position":"center center","background-size":"auto","background-attachment":"scroll","background-type":"","background-media":"","overlay-type":"","overlay-color":"","overlay-opacity":"","overlay-gradient":""}},"footnotes":""},"class_list":["post-11832","page","type-page","status-publish","has-post-thumbnail","hentry"],"acf":[],"yoast_head":"<!-- This site is optimized with the Yoast SEO plugin v27.4 - https:\/\/yoast.com\/product\/yoast-seo-wordpress\/ -->\n<title>Data and Privacy | AI Superior<\/title>\n<meta name=\"description\" content=\"As an AI development company, AI Superior brings businesses the opportunity to reinvent their strategies and fully embrace new methods.\" \/>\n<meta name=\"robots\" content=\"index, follow, max-snippet:-1, max-image-preview:large, max-video-preview:-1\" \/>\n<link rel=\"canonical\" href=\"https:\/\/aisuperior.com\/de\/data-privacy\/\" \/>\n<meta property=\"og:locale\" content=\"de_DE\" \/>\n<meta property=\"og:type\" content=\"article\" \/>\n<meta property=\"og:title\" content=\"Data and Privacy | AI Superior\" \/>\n<meta property=\"og:description\" content=\"As an AI development company, AI Superior brings businesses the opportunity to reinvent their strategies and fully embrace new methods.\" \/>\n<meta property=\"og:url\" content=\"https:\/\/aisuperior.com\/de\/data-privacy\/\" \/>\n<meta property=\"og:site_name\" content=\"aisuperior\" \/>\n<meta property=\"article:publisher\" content=\"https:\/\/www.facebook.com\/aisuperior\" \/>\n<meta property=\"article:modified_time\" content=\"2023-12-06T05:05:00+00:00\" \/>\n<meta name=\"twitter:card\" content=\"summary_large_image\" \/>\n<meta name=\"twitter:site\" content=\"@aisuperior\" \/>\n<meta name=\"twitter:label1\" content=\"Gesch\u00e4tzte Lesezeit\" \/>\n\t<meta name=\"twitter:data1\" content=\"1\u00a0Minute\" \/>\n<script type=\"application\/ld+json\" class=\"yoast-schema-graph\">{\"@context\":\"https:\\\/\\\/schema.org\",\"@graph\":[{\"@type\":\"WebPage\",\"@id\":\"https:\\\/\\\/aisuperior.com\\\/data-privacy\\\/\",\"url\":\"https:\\\/\\\/aisuperior.com\\\/data-privacy\\\/\",\"name\":\"Data and Privacy | AI Superior\",\"isPartOf\":{\"@id\":\"https:\\\/\\\/aisuperior.com\\\/#website\"},\"primaryImageOfPage\":{\"@id\":\"https:\\\/\\\/aisuperior.com\\\/data-privacy\\\/#primaryimage\"},\"image\":{\"@id\":\"https:\\\/\\\/aisuperior.com\\\/data-privacy\\\/#primaryimage\"},\"thumbnailUrl\":\"https:\\\/\\\/aisuperior.com\\\/wp-content\\\/uploads\\\/2023\\\/09\\\/Group-2701.svg\",\"datePublished\":\"2023-09-26T07:09:14+00:00\",\"dateModified\":\"2023-12-06T05:05:00+00:00\",\"description\":\"As an AI development company, AI Superior brings businesses the opportunity to reinvent their strategies and fully embrace new methods.\",\"breadcrumb\":{\"@id\":\"https:\\\/\\\/aisuperior.com\\\/data-privacy\\\/#breadcrumb\"},\"inLanguage\":\"de\",\"potentialAction\":[{\"@type\":\"ReadAction\",\"target\":[\"https:\\\/\\\/aisuperior.com\\\/data-privacy\\\/\"]}]},{\"@type\":\"ImageObject\",\"inLanguage\":\"de\",\"@id\":\"https:\\\/\\\/aisuperior.com\\\/data-privacy\\\/#primaryimage\",\"url\":\"https:\\\/\\\/aisuperior.com\\\/wp-content\\\/uploads\\\/2023\\\/09\\\/Group-2701.svg\",\"contentUrl\":\"https:\\\/\\\/aisuperior.com\\\/wp-content\\\/uploads\\\/2023\\\/09\\\/Group-2701.svg\",\"width\":767,\"height\":732},{\"@type\":\"BreadcrumbList\",\"@id\":\"https:\\\/\\\/aisuperior.com\\\/data-privacy\\\/#breadcrumb\",\"itemListElement\":[{\"@type\":\"ListItem\",\"position\":1,\"name\":\"Home\",\"item\":\"https:\\\/\\\/aisuperior.com\\\/\"},{\"@type\":\"ListItem\",\"position\":2,\"name\":\"Data and Privacy\"}]},{\"@type\":\"WebSite\",\"@id\":\"https:\\\/\\\/aisuperior.com\\\/#website\",\"url\":\"https:\\\/\\\/aisuperior.com\\\/\",\"name\":\"aisuperior\",\"description\":\"\",\"publisher\":{\"@id\":\"https:\\\/\\\/aisuperior.com\\\/#organization\"},\"potentialAction\":[{\"@type\":\"SearchAction\",\"target\":{\"@type\":\"EntryPoint\",\"urlTemplate\":\"https:\\\/\\\/aisuperior.com\\\/?s={search_term_string}\"},\"query-input\":{\"@type\":\"PropertyValueSpecification\",\"valueRequired\":true,\"valueName\":\"search_term_string\"}}],\"inLanguage\":\"de\"},{\"@type\":\"Organization\",\"@id\":\"https:\\\/\\\/aisuperior.com\\\/#organization\",\"name\":\"aisuperior\",\"url\":\"https:\\\/\\\/aisuperior.com\\\/\",\"logo\":{\"@type\":\"ImageObject\",\"inLanguage\":\"de\",\"@id\":\"https:\\\/\\\/aisuperior.com\\\/#\\\/schema\\\/logo\\\/image\\\/\",\"url\":\"https:\\\/\\\/aisuperior.com\\\/wp-content\\\/uploads\\\/2026\\\/02\\\/logo-1.png.webp\",\"contentUrl\":\"https:\\\/\\\/aisuperior.com\\\/wp-content\\\/uploads\\\/2026\\\/02\\\/logo-1.png.webp\",\"width\":320,\"height\":59,\"caption\":\"aisuperior\"},\"image\":{\"@id\":\"https:\\\/\\\/aisuperior.com\\\/#\\\/schema\\\/logo\\\/image\\\/\"},\"sameAs\":[\"https:\\\/\\\/www.facebook.com\\\/aisuperior\",\"https:\\\/\\\/x.com\\\/aisuperior\",\"https:\\\/\\\/www.linkedin.com\\\/company\\\/ai-superior\",\"https:\\\/\\\/www.instagram.com\\\/ai_superior\\\/\"]}]}<\/script>\n<!-- \/ Yoast SEO plugin. -->","yoast_head_json":{"title":"Daten und Datenschutz | AI Superior","description":"Als KI-Entwicklungsunternehmen bietet AI Superior Unternehmen die M\u00f6glichkeit, ihre Strategien neu zu erfinden und neue Methoden vollst\u00e4ndig zu \u00fcbernehmen.","robots":{"index":"index","follow":"follow","max-snippet":"max-snippet:-1","max-image-preview":"max-image-preview:large","max-video-preview":"max-video-preview:-1"},"canonical":"https:\/\/aisuperior.com\/de\/data-privacy\/","og_locale":"de_DE","og_type":"article","og_title":"Data and Privacy | AI Superior","og_description":"As an AI development company, AI Superior brings businesses the opportunity to reinvent their strategies and fully embrace new methods.","og_url":"https:\/\/aisuperior.com\/de\/data-privacy\/","og_site_name":"aisuperior","article_publisher":"https:\/\/www.facebook.com\/aisuperior","article_modified_time":"2023-12-06T05:05:00+00:00","twitter_card":"summary_large_image","twitter_site":"@aisuperior","twitter_misc":{"Gesch\u00e4tzte Lesezeit":"1\u00a0Minute"},"schema":{"@context":"https:\/\/schema.org","@graph":[{"@type":"WebPage","@id":"https:\/\/aisuperior.com\/data-privacy\/","url":"https:\/\/aisuperior.com\/data-privacy\/","name":"Daten und Datenschutz | AI Superior","isPartOf":{"@id":"https:\/\/aisuperior.com\/#website"},"primaryImageOfPage":{"@id":"https:\/\/aisuperior.com\/data-privacy\/#primaryimage"},"image":{"@id":"https:\/\/aisuperior.com\/data-privacy\/#primaryimage"},"thumbnailUrl":"https:\/\/aisuperior.com\/wp-content\/uploads\/2023\/09\/Group-2701.svg","datePublished":"2023-09-26T07:09:14+00:00","dateModified":"2023-12-06T05:05:00+00:00","description":"Als KI-Entwicklungsunternehmen bietet AI Superior Unternehmen die M\u00f6glichkeit, ihre Strategien neu zu erfinden und neue Methoden vollst\u00e4ndig zu \u00fcbernehmen.","breadcrumb":{"@id":"https:\/\/aisuperior.com\/data-privacy\/#breadcrumb"},"inLanguage":"de","potentialAction":[{"@type":"ReadAction","target":["https:\/\/aisuperior.com\/data-privacy\/"]}]},{"@type":"ImageObject","inLanguage":"de","@id":"https:\/\/aisuperior.com\/data-privacy\/#primaryimage","url":"https:\/\/aisuperior.com\/wp-content\/uploads\/2023\/09\/Group-2701.svg","contentUrl":"https:\/\/aisuperior.com\/wp-content\/uploads\/2023\/09\/Group-2701.svg","width":767,"height":732},{"@type":"BreadcrumbList","@id":"https:\/\/aisuperior.com\/data-privacy\/#breadcrumb","itemListElement":[{"@type":"ListItem","position":1,"name":"Home","item":"https:\/\/aisuperior.com\/"},{"@type":"ListItem","position":2,"name":"Data and Privacy"}]},{"@type":"WebSite","@id":"https:\/\/aisuperior.com\/#website","url":"https:\/\/aisuperior.com\/","name":"Abonnieren","description":"","publisher":{"@id":"https:\/\/aisuperior.com\/#organization"},"potentialAction":[{"@type":"SearchAction","target":{"@type":"EntryPoint","urlTemplate":"https:\/\/aisuperior.com\/?s={search_term_string}"},"query-input":{"@type":"PropertyValueSpecification","valueRequired":true,"valueName":"search_term_string"}}],"inLanguage":"de"},{"@type":"Organization","@id":"https:\/\/aisuperior.com\/#organization","name":"Abonnieren","url":"https:\/\/aisuperior.com\/","logo":{"@type":"ImageObject","inLanguage":"de","@id":"https:\/\/aisuperior.com\/#\/schema\/logo\/image\/","url":"https:\/\/aisuperior.com\/wp-content\/uploads\/2026\/02\/logo-1.png.webp","contentUrl":"https:\/\/aisuperior.com\/wp-content\/uploads\/2026\/02\/logo-1.png.webp","width":320,"height":59,"caption":"aisuperior"},"image":{"@id":"https:\/\/aisuperior.com\/#\/schema\/logo\/image\/"},"sameAs":["https:\/\/www.facebook.com\/aisuperior","https:\/\/x.com\/aisuperior","https:\/\/www.linkedin.com\/company\/ai-superior","https:\/\/www.instagram.com\/ai_superior\/"]}]}},"_links":{"self":[{"href":"https:\/\/aisuperior.com\/de\/wp-json\/wp\/v2\/pages\/11832","targetHints":{"allow":["GET"]}}],"collection":[{"href":"https:\/\/aisuperior.com\/de\/wp-json\/wp\/v2\/pages"}],"about":[{"href":"https:\/\/aisuperior.com\/de\/wp-json\/wp\/v2\/types\/page"}],"author":[{"embeddable":true,"href":"https:\/\/aisuperior.com\/de\/wp-json\/wp\/v2\/users\/2"}],"replies":[{"embeddable":true,"href":"https:\/\/aisuperior.com\/de\/wp-json\/wp\/v2\/comments?post=11832"}],"version-history":[{"count":0,"href":"https:\/\/aisuperior.com\/de\/wp-json\/wp\/v2\/pages\/11832\/revisions"}],"wp:featuredmedia":[{"embeddable":true,"href":"https:\/\/aisuperior.com\/de\/wp-json\/wp\/v2\/media\/11885"}],"wp:attachment":[{"href":"https:\/\/aisuperior.com\/de\/wp-json\/wp\/v2\/media?parent=11832"}],"curies":[{"name":"wp","href":"https:\/\/api.w.org\/{rel}","templated":true}]}}