{"id":11845,"date":"2023-09-26T07:21:02","date_gmt":"2023-09-26T07:21:02","guid":{"rendered":"https:\/\/projectsofar.info\/aisuperior\/?page_id=11845"},"modified":"2025-01-22T15:33:03","modified_gmt":"2025-01-22T15:33:03","slug":"imprint","status":"publish","type":"page","link":"https:\/\/aisuperior.com\/de\/imprint\/","title":{"rendered":"Impressum"},"content":{"rendered":"<div data-elementor-type=\"wp-page\" data-elementor-id=\"11845\" class=\"elementor elementor-11845\" data-elementor-post-type=\"page\">\n\t\t\t\t\t\t<section class=\"elementor-section elementor-top-section elementor-element elementor-element-87935ac elementor-section-boxed elementor-section-height-default elementor-section-height-default\" data-id=\"87935ac\" data-element_type=\"section\" data-e-type=\"section\" data-settings=\"{&quot;background_background&quot;:&quot;classic&quot;}\">\n\t\t\t\t\t\t<div class=\"elementor-container elementor-column-gap-default\">\n\t\t\t\t\t<div class=\"elementor-column elementor-col-100 elementor-top-column elementor-element elementor-element-6402d4a\" data-id=\"6402d4a\" data-element_type=\"column\" data-e-type=\"column\">\n\t\t\t<div class=\"elementor-widget-wrap elementor-element-populated\">\n\t\t\t\t\t\t<div class=\"elementor-element elementor-element-ca135e5 elementor-widget elementor-widget-heading\" data-id=\"ca135e5\" data-element_type=\"widget\" data-e-type=\"widget\" data-widget_type=\"heading.default\">\n\t\t\t\t\t<h1 class=\"elementor-heading-title elementor-size-default\">Impressum<\/h1>\t\t\t\t<\/div>\n\t\t\t\t<div class=\"elementor-element elementor-element-5fd0771 elementor-icon-list--layout-inline elementor-align-center elementor-list-item-link-full_width elementor-widget elementor-widget-icon-list\" data-id=\"5fd0771\" data-element_type=\"widget\" data-e-type=\"widget\" data-widget_type=\"icon-list.default\">\n\t\t\t\t\t\t\t<ul class=\"elementor-icon-list-items elementor-inline-items\">\n\t\t\t\t\t\t\t<li class=\"elementor-icon-list-item elementor-inline-item\">\n\t\t\t\t\t\t\t\t\t\t\t<a href=\"tel:+49%20159%20022%20460%2090\">\n\n\t\t\t\t\t\t\t\t\t\t\t\t<span class=\"elementor-icon-list-icon\">\n\t\t\t\t\t\t\t<svg aria-hidden=\"true\" class=\"e-font-icon-svg e-fas-phone-alt\" viewbox=\"0 0 512 512\" xmlns=\"http:\/\/www.w3.org\/2000\/svg\"><path d=\"M497.39 361.8l-112-48a24 24 0 0 0-28 6.9l-49.6 60.6A370.66 370.66 0 0 1 130.6 204.11l60.6-49.6a23.94 23.94 0 0 0 6.9-28l-48-112A24.16 24.16 0 0 0 122.6.61l-104 24A24 24 0 0 0 0 48c0 256.5 207.9 464 464 464a24 24 0 0 0 23.4-18.6l24-104a24.29 24.29 0 0 0-14.01-27.6z\"><\/path><\/svg>\t\t\t\t\t\t<\/span>\n\t\t\t\t\t\t\t\t\t\t<span class=\"elementor-icon-list-text\">+49 6151 3943489  <\/span>\n\t\t\t\t\t\t\t\t\t\t\t<\/a>\n\t\t\t\t\t\t\t\t\t<\/li>\n\t\t\t\t\t\t\t\t<li class=\"elementor-icon-list-item elementor-inline-item\">\n\t\t\t\t\t\t\t\t\t\t\t<a href=\"mailto:info@aisuperior.com\">\n\n\t\t\t\t\t\t\t\t\t\t\t\t<span class=\"elementor-icon-list-icon\">\n\t\t\t\t\t\t\t<svg aria-hidden=\"true\" class=\"e-font-icon-svg e-fas-envelope\" viewbox=\"0 0 512 512\" xmlns=\"http:\/\/www.w3.org\/2000\/svg\"><path d=\"M502.3 190.8c3.9-3.1 9.7-.2 9.7 4.7V400c0 26.5-21.5 48-48 48H48c-26.5 0-48-21.5-48-48V195.6c0-5 5.7-7.8 9.7-4.7 22.4 17.4 52.1 39.5 154.1 113.6 21.1 15.4 56.7 47.8 92.2 47.6 35.7.3 72-32.8 92.3-47.6 102-74.1 131.6-96.3 154-113.7zM256 320c23.2.4 56.6-29.2 73.4-41.4 132.7-96.3 142.8-104.7 173.4-128.7 5.8-4.5 9.2-11.5 9.2-18.9v-19c0-26.5-21.5-48-48-48H48C21.5 64 0 85.5 0 112v19c0 7.4 3.4 14.3 9.2 18.9 30.6 23.9 40.7 32.4 173.4 128.7 16.8 12.2 50.2 41.8 73.4 41.4z\"><\/path><\/svg>\t\t\t\t\t\t<\/span>\n\t\t\t\t\t\t\t\t\t\t<span class=\"elementor-icon-list-text\">info@aisuperior.com<\/span>\n\t\t\t\t\t\t\t\t\t\t\t<\/a>\n\t\t\t\t\t\t\t\t\t<\/li>\n\t\t\t\t\t\t\t\t<li class=\"elementor-icon-list-item elementor-inline-item\">\n\t\t\t\t\t\t\t\t\t\t\t<span class=\"elementor-icon-list-icon\">\n\t\t\t\t\t\t\t<svg aria-hidden=\"true\" class=\"e-font-icon-svg e-fas-map-marker-alt\" viewbox=\"0 0 384 512\" xmlns=\"http:\/\/www.w3.org\/2000\/svg\"><path d=\"M172.268 501.67C26.97 291.031 0 269.413 0 192 0 85.961 85.961 0 192 0s192 85.961 192 192c0 77.413-26.97 99.031-172.268 309.67-9.535 13.774-29.93 13.773-39.464 0zM192 272c44.183 0 80-35.817 80-80s-35.817-80-80-80-80 35.817-80 80 35.817 80 80 80z\"><\/path><\/svg>\t\t\t\t\t\t<\/span>\n\t\t\t\t\t\t\t\t\t\t<span class=\"elementor-icon-list-text\">Robert-Bosch-Str. 7, 64293 Darmstadt<\/span>\n\t\t\t\t\t\t\t\t\t<\/li>\n\t\t\t\t\t\t<\/ul>\n\t\t\t\t\t\t<\/div>\n\t\t\t\t\t<\/div>\n\t\t<\/div>\n\t\t\t\t\t<\/div>\n\t\t<\/section>\n\t\t\t\t<section class=\"elementor-section elementor-top-section elementor-element elementor-element-4abaa43e elementor-section-boxed elementor-section-height-default elementor-section-height-default\" data-id=\"4abaa43e\" data-element_type=\"section\" data-e-type=\"section\">\n\t\t\t\t\t\t<div class=\"elementor-container elementor-column-gap-default\">\n\t\t\t\t\t<div class=\"elementor-column elementor-col-100 elementor-top-column elementor-element elementor-element-3de1eb2a\" data-id=\"3de1eb2a\" data-element_type=\"column\" data-e-type=\"column\">\n\t\t\t<div class=\"elementor-widget-wrap elementor-element-populated\">\n\t\t\t\t\t\t<div class=\"elementor-element elementor-element-757c5096 privacy-policy-content elementor-widget elementor-widget-text-editor\" data-id=\"757c5096\" data-element_type=\"widget\" data-e-type=\"widget\" data-widget_type=\"text-editor.default\">\n\t\t\t\t\t\t\t\t\t<div class=\"fl-module fl-module-heading fl-node-60c9da22eae4d fl-animation fl-fade-in fl-animated\" data-node=\"60c9da22eae4d\" data-animation-delay=\"0\" data-animation-duration=\"1\"><div class=\"fl-module-content fl-node-content\"><div class=\"fl-col-group fl-node-60c9df987ac41\" data-node=\"60c9df987ac41\"><div class=\"fl-col fl-node-60c9df987ae41 fl-animation fl-fade-in fl-animated\" data-node=\"60c9df987ae41\" data-animation-delay=\"0\" data-animation-duration=\"1\"><div class=\"fl-col-content fl-node-content\"><div class=\"fl-module fl-module-heading fl-node-60c9df9870b33\" data-node=\"60c9df9870b33\"><div class=\"fl-module-content fl-node-content\"><h2 class=\"fl-heading\"><span class=\"fl-heading-text\">Haftungsausschluss<\/span><\/h2><\/div><\/div><\/div><\/div><\/div><div class=\"fl-col-group fl-node-60c9dfc8e82d3\" data-node=\"60c9dfc8e82d3\"><div class=\"fl-col fl-node-60c9dfc8e842e fl-animation fl-fade-in fl-animated\" data-node=\"60c9dfc8e842e\" data-animation-delay=\"0\" data-animation-duration=\"1\"><div class=\"fl-col-content fl-node-content\"><div class=\"fl-module fl-module-heading fl-node-60c9e01066f2d\" data-node=\"60c9e01066f2d\"><div class=\"fl-module-content fl-node-content\"><h3 class=\"fl-heading\"><span class=\"fl-heading-text\">Haftung f\u00fcr Inhalte<\/span><\/h3><\/div><\/div><div class=\"fl-module fl-module-rich-text fl-node-60c9e01b74041\" data-node=\"60c9e01b74041\"><div class=\"fl-module-content fl-node-content\"><div class=\"fl-rich-text\"><p>Die Inhalte unserer Seiten wurden mit gr\u00f6\u00dfter Sorgfalt erstellt. F\u00fcr die Richtigkeit, Vollst\u00e4ndigkeit und Aktualit\u00e4t der Inhalte k\u00f6nnen wir jedoch keine Gew\u00e4hr \u00fcbernehmen. Als Diensteanbieter sind wir gem\u00e4\u00df \u00a7\u00a7 8 bis 10 TMG f\u00fcr eigene Inhalte auf diesen Seiten nach den allgemeinen Gesetzen verantwortlich. Nach \u00a7\u00a7 8 bis 10 TMG sind wir als Diensteanbieter jedoch nicht verpflichtet, \u00fcbermittelte oder gespeicherte fremde Informationen zu \u00fcberwachen oder nach Umst\u00e4nden zu forschen, die auf eine rechtswidrige T\u00e4tigkeit hinweisen. Verpflichtungen zur Entfernung oder Sperrung der Nutzung von Informationen nach den allgemeinen Gesetzen bleiben hiervon unber\u00fchrt.<\/p><\/div><\/div><\/div><div class=\"fl-module fl-module-heading fl-node-60c9e028e894b\" data-node=\"60c9e028e894b\"><div class=\"fl-module-content fl-node-content\"><h3 class=\"fl-heading\"><span class=\"fl-heading-text\">Haftung f\u00fcr Links<\/span><\/h3><\/div><\/div><div class=\"fl-module fl-module-rich-text fl-node-60c9e03b885f0\" data-node=\"60c9e03b885f0\"><div class=\"fl-module-content fl-node-content\"><div class=\"fl-rich-text\"><p>F\u00fcr den Inhalt externer Links (zu Webseiten Dritter) sind ausschlie\u00dflich deren Betreiber verantwortlich. Zum Zeitpunkt der Verlinkung waren f\u00fcr uns keine Rechtsverst\u00f6\u00dfe erkennbar. Sollte uns eine Rechtsverletzung bekannt werden, werden wir den jeweiligen Link umgehend entfernen.<\/p><\/div><\/div><\/div><div class=\"fl-module fl-module-heading fl-node-60c9dfc8e8234\" data-node=\"60c9dfc8e8234\"><div class=\"fl-module-content fl-node-content\"><h3 class=\"fl-heading\"><span class=\"fl-heading-text\">Urheberrechte \u00a9<\/span><\/h3><\/div><\/div><div class=\"fl-module fl-module-rich-text fl-node-60c9dfe5bb1cc\" data-node=\"60c9dfe5bb1cc\"><div class=\"fl-module-content fl-node-content\"><div class=\"fl-rich-text\"><p>Unsere Webseiten und deren Inhalte unterliegen dem deutschen Urheberrecht. Sofern gesetzlich nicht ausdr\u00fccklich gestattet, bedarf jede Form der Nutzung, Vervielf\u00e4ltigung oder Bearbeitung urheberrechtlich gesch\u00fctzter Werke auf unseren Webseiten der vorherigen Zustimmung des jeweiligen Rechteinhabers. Einzelne Reproduktionen eines Werkes sind nur f\u00fcr den privaten Gebrauch gestattet. Die Materialien auf diesen Seiten sind urheberrechtlich gesch\u00fctzt und jede unbefugte Verwendung kann gegen Urheberrechte versto\u00dfen.<\/p><\/div><\/div><\/div><div class=\"fl-module fl-module-html fl-node-60c9e070bf186\" data-node=\"60c9e070bf186\"><div class=\"fl-module-content fl-node-content\"><div class=\"fl-html\"><div class=\"respresented\"><h4>Vertreten durch<\/h4><p>Sergey Sukhanov, Ivan Tankoyeu<\/p><\/div><\/div><\/div><\/div><div class=\"fl-module fl-module-rich-text fl-node-60c9e1f5d6bd3\" data-node=\"60c9e1f5d6bd3\"><div class=\"fl-module-content fl-node-content\"><div class=\"fl-rich-text\"><p>AI Superior GmbH<\/p><\/div><\/div><\/div><div class=\"fl-module fl-module-rich-text fl-node-60c9e200e5c59\" data-node=\"60c9e200e5c59\"><div class=\"fl-module-content fl-node-content\"><div class=\"fl-rich-text\"><p>Eintragung im Handelsregister<br \/>Registernummer: HRB99717<br \/>Registergericht: Amtsgericht Darmstadt<br \/>Umsatzsteuer-Identifikationsnummer: DE326790062<\/p><\/div><\/div><\/div><\/div><\/div><\/div><\/div><\/div>\t\t\t\t\t\t\t\t<\/div>\n\t\t\t\t\t<\/div>\n\t\t<\/div>\n\t\t\t\t\t<\/div>\n\t\t<\/section>\n\t\t\t\t<\/div>","protected":false},"excerpt":{"rendered":"<p>Imprint +49 6151 3943489 info@aisuperior.com Robert-Bosch-Str. 7, 64293 Darmstadt, Germany Disclaimer Accountability for content The contents of our pages have been created with the utmost care. However, we cannot guarantee the contents\u2019 accuracy, completeness or topicality. According to statutory provisions, we are furthermore responsible for our own content on these web pages. In this matter, [&hellip;]<\/p>\n","protected":false},"author":2,"featured_media":0,"parent":0,"menu_order":0,"comment_status":"closed","ping_status":"closed","template":"elementor_header_footer","meta":{"_acf_changed":false,"inline_featured_image":false,"site-sidebar-layout":"default","site-content-layout":"","ast-site-content-layout":"default","site-content-style":"default","site-sidebar-style":"default","ast-global-header-display":"","ast-banner-title-visibility":"","ast-main-header-display":"","ast-hfb-above-header-display":"","ast-hfb-below-header-display":"","ast-hfb-mobile-header-display":"","site-post-title":"","ast-breadcrumbs-content":"","ast-featured-img":"","footer-sml-layout":"","ast-disable-related-posts":"","theme-transparent-header-meta":"default","adv-header-id-meta":"","stick-header-meta":"","header-above-stick-meta":"","header-main-stick-meta":"","header-below-stick-meta":"","astra-migrate-meta-layouts":"set","ast-page-background-enabled":"default","ast-page-background-meta":{"desktop":{"background-color":"var(--ast-global-color-4)","background-image":"","background-repeat":"repeat","background-position":"center center","background-size":"auto","background-attachment":"scroll","background-type":"","background-media":"","overlay-type":"","overlay-color":"","overlay-opacity":"","overlay-gradient":""},"tablet":{"background-color":"","background-image":"","background-repeat":"repeat","background-position":"center center","background-size":"auto","background-attachment":"scroll","background-type":"","background-media":"","overlay-type":"","overlay-color":"","overlay-opacity":"","overlay-gradient":""},"mobile":{"background-color":"","background-image":"","background-repeat":"repeat","background-position":"center center","background-size":"auto","background-attachment":"scroll","background-type":"","background-media":"","overlay-type":"","overlay-color":"","overlay-opacity":"","overlay-gradient":""}},"ast-content-background-meta":{"desktop":{"background-color":"var(--ast-global-color-5)","background-image":"","background-repeat":"repeat","background-position":"center center","background-size":"auto","background-attachment":"scroll","background-type":"","background-media":"","overlay-type":"","overlay-color":"","overlay-opacity":"","overlay-gradient":""},"tablet":{"background-color":"var(--ast-global-color-5)","background-image":"","background-repeat":"repeat","background-position":"center center","background-size":"auto","background-attachment":"scroll","background-type":"","background-media":"","overlay-type":"","overlay-color":"","overlay-opacity":"","overlay-gradient":""},"mobile":{"background-color":"var(--ast-global-color-5)","background-image":"","background-repeat":"repeat","background-position":"center center","background-size":"auto","background-attachment":"scroll","background-type":"","background-media":"","overlay-type":"","overlay-color":"","overlay-opacity":"","overlay-gradient":""}},"footnotes":""},"class_list":["post-11845","page","type-page","status-publish","hentry"],"acf":[],"yoast_head":"<!-- This site is optimized with the Yoast SEO plugin v27.4 - https:\/\/yoast.com\/product\/yoast-seo-wordpress\/ -->\n<title>Imprint | Ai Superior<\/title>\n<meta name=\"description\" content=\"We take really great care in obeying laws! However, we cannot take responsibility for damages caused by using information from our website.\" \/>\n<meta name=\"robots\" content=\"index, follow, max-snippet:-1, max-image-preview:large, max-video-preview:-1\" \/>\n<link rel=\"canonical\" href=\"https:\/\/aisuperior.com\/de\/imprint\/\" \/>\n<meta property=\"og:locale\" content=\"de_DE\" \/>\n<meta property=\"og:type\" content=\"article\" \/>\n<meta property=\"og:title\" content=\"Imprint | Ai Superior\" \/>\n<meta property=\"og:description\" content=\"We take really great care in obeying laws! However, we cannot take responsibility for damages caused by using information from our website.\" \/>\n<meta property=\"og:url\" content=\"https:\/\/aisuperior.com\/de\/imprint\/\" \/>\n<meta property=\"og:site_name\" content=\"aisuperior\" \/>\n<meta property=\"article:publisher\" content=\"https:\/\/www.facebook.com\/aisuperior\" \/>\n<meta property=\"article:modified_time\" content=\"2025-01-22T15:33:03+00:00\" \/>\n<meta name=\"twitter:card\" content=\"summary_large_image\" \/>\n<meta name=\"twitter:site\" content=\"@aisuperior\" \/>\n<meta name=\"twitter:label1\" content=\"Gesch\u00e4tzte Lesezeit\" \/>\n\t<meta name=\"twitter:data1\" content=\"2\u00a0Minuten\" \/>\n<script type=\"application\/ld+json\" class=\"yoast-schema-graph\">{\"@context\":\"https:\\\/\\\/schema.org\",\"@graph\":[{\"@type\":\"WebPage\",\"@id\":\"https:\\\/\\\/aisuperior.com\\\/imprint\\\/\",\"url\":\"https:\\\/\\\/aisuperior.com\\\/imprint\\\/\",\"name\":\"Imprint | Ai Superior\",\"isPartOf\":{\"@id\":\"https:\\\/\\\/aisuperior.com\\\/#website\"},\"datePublished\":\"2023-09-26T07:21:02+00:00\",\"dateModified\":\"2025-01-22T15:33:03+00:00\",\"description\":\"We take really great care in obeying laws! However, we cannot take responsibility for damages caused by using information from our website.\",\"breadcrumb\":{\"@id\":\"https:\\\/\\\/aisuperior.com\\\/imprint\\\/#breadcrumb\"},\"inLanguage\":\"de\",\"potentialAction\":[{\"@type\":\"ReadAction\",\"target\":[\"https:\\\/\\\/aisuperior.com\\\/imprint\\\/\"]}]},{\"@type\":\"BreadcrumbList\",\"@id\":\"https:\\\/\\\/aisuperior.com\\\/imprint\\\/#breadcrumb\",\"itemListElement\":[{\"@type\":\"ListItem\",\"position\":1,\"name\":\"Home\",\"item\":\"https:\\\/\\\/aisuperior.com\\\/\"},{\"@type\":\"ListItem\",\"position\":2,\"name\":\"Imprint\"}]},{\"@type\":\"WebSite\",\"@id\":\"https:\\\/\\\/aisuperior.com\\\/#website\",\"url\":\"https:\\\/\\\/aisuperior.com\\\/\",\"name\":\"aisuperior\",\"description\":\"\",\"publisher\":{\"@id\":\"https:\\\/\\\/aisuperior.com\\\/#organization\"},\"potentialAction\":[{\"@type\":\"SearchAction\",\"target\":{\"@type\":\"EntryPoint\",\"urlTemplate\":\"https:\\\/\\\/aisuperior.com\\\/?s={search_term_string}\"},\"query-input\":{\"@type\":\"PropertyValueSpecification\",\"valueRequired\":true,\"valueName\":\"search_term_string\"}}],\"inLanguage\":\"de\"},{\"@type\":\"Organization\",\"@id\":\"https:\\\/\\\/aisuperior.com\\\/#organization\",\"name\":\"aisuperior\",\"url\":\"https:\\\/\\\/aisuperior.com\\\/\",\"logo\":{\"@type\":\"ImageObject\",\"inLanguage\":\"de\",\"@id\":\"https:\\\/\\\/aisuperior.com\\\/#\\\/schema\\\/logo\\\/image\\\/\",\"url\":\"https:\\\/\\\/aisuperior.com\\\/wp-content\\\/uploads\\\/2026\\\/02\\\/logo-1.png.webp\",\"contentUrl\":\"https:\\\/\\\/aisuperior.com\\\/wp-content\\\/uploads\\\/2026\\\/02\\\/logo-1.png.webp\",\"width\":320,\"height\":59,\"caption\":\"aisuperior\"},\"image\":{\"@id\":\"https:\\\/\\\/aisuperior.com\\\/#\\\/schema\\\/logo\\\/image\\\/\"},\"sameAs\":[\"https:\\\/\\\/www.facebook.com\\\/aisuperior\",\"https:\\\/\\\/x.com\\\/aisuperior\",\"https:\\\/\\\/www.linkedin.com\\\/company\\\/ai-superior\",\"https:\\\/\\\/www.instagram.com\\\/ai_superior\\\/\"]}]}<\/script>\n<!-- \/ Yoast SEO plugin. -->","yoast_head_json":{"title":"Impressum | Ai Superior","description":"Wir legen gro\u00dfen Wert auf die Einhaltung der Gesetze! Dennoch k\u00f6nnen wir keine Verantwortung f\u00fcr Sch\u00e4den \u00fcbernehmen, die durch die Verwendung von Informationen aus unserer Website entstehen.","robots":{"index":"index","follow":"follow","max-snippet":"max-snippet:-1","max-image-preview":"max-image-preview:large","max-video-preview":"max-video-preview:-1"},"canonical":"https:\/\/aisuperior.com\/de\/imprint\/","og_locale":"de_DE","og_type":"article","og_title":"Imprint | Ai Superior","og_description":"We take really great care in obeying laws! However, we cannot take responsibility for damages caused by using information from our website.","og_url":"https:\/\/aisuperior.com\/de\/imprint\/","og_site_name":"aisuperior","article_publisher":"https:\/\/www.facebook.com\/aisuperior","article_modified_time":"2025-01-22T15:33:03+00:00","twitter_card":"summary_large_image","twitter_site":"@aisuperior","twitter_misc":{"Gesch\u00e4tzte Lesezeit":"2\u00a0Minuten"},"schema":{"@context":"https:\/\/schema.org","@graph":[{"@type":"WebPage","@id":"https:\/\/aisuperior.com\/imprint\/","url":"https:\/\/aisuperior.com\/imprint\/","name":"Impressum | Ai Superior","isPartOf":{"@id":"https:\/\/aisuperior.com\/#website"},"datePublished":"2023-09-26T07:21:02+00:00","dateModified":"2025-01-22T15:33:03+00:00","description":"Wir legen gro\u00dfen Wert auf die Einhaltung der Gesetze! Dennoch k\u00f6nnen wir keine Verantwortung f\u00fcr Sch\u00e4den \u00fcbernehmen, die durch die Verwendung von Informationen aus unserer Website entstehen.","breadcrumb":{"@id":"https:\/\/aisuperior.com\/imprint\/#breadcrumb"},"inLanguage":"de","potentialAction":[{"@type":"ReadAction","target":["https:\/\/aisuperior.com\/imprint\/"]}]},{"@type":"BreadcrumbList","@id":"https:\/\/aisuperior.com\/imprint\/#breadcrumb","itemListElement":[{"@type":"ListItem","position":1,"name":"Home","item":"https:\/\/aisuperior.com\/"},{"@type":"ListItem","position":2,"name":"Imprint"}]},{"@type":"WebSite","@id":"https:\/\/aisuperior.com\/#website","url":"https:\/\/aisuperior.com\/","name":"Abonnieren","description":"","publisher":{"@id":"https:\/\/aisuperior.com\/#organization"},"potentialAction":[{"@type":"SearchAction","target":{"@type":"EntryPoint","urlTemplate":"https:\/\/aisuperior.com\/?s={search_term_string}"},"query-input":{"@type":"PropertyValueSpecification","valueRequired":true,"valueName":"search_term_string"}}],"inLanguage":"de"},{"@type":"Organization","@id":"https:\/\/aisuperior.com\/#organization","name":"Abonnieren","url":"https:\/\/aisuperior.com\/","logo":{"@type":"ImageObject","inLanguage":"de","@id":"https:\/\/aisuperior.com\/#\/schema\/logo\/image\/","url":"https:\/\/aisuperior.com\/wp-content\/uploads\/2026\/02\/logo-1.png.webp","contentUrl":"https:\/\/aisuperior.com\/wp-content\/uploads\/2026\/02\/logo-1.png.webp","width":320,"height":59,"caption":"aisuperior"},"image":{"@id":"https:\/\/aisuperior.com\/#\/schema\/logo\/image\/"},"sameAs":["https:\/\/www.facebook.com\/aisuperior","https:\/\/x.com\/aisuperior","https:\/\/www.linkedin.com\/company\/ai-superior","https:\/\/www.instagram.com\/ai_superior\/"]}]}},"_links":{"self":[{"href":"https:\/\/aisuperior.com\/de\/wp-json\/wp\/v2\/pages\/11845","targetHints":{"allow":["GET"]}}],"collection":[{"href":"https:\/\/aisuperior.com\/de\/wp-json\/wp\/v2\/pages"}],"about":[{"href":"https:\/\/aisuperior.com\/de\/wp-json\/wp\/v2\/types\/page"}],"author":[{"embeddable":true,"href":"https:\/\/aisuperior.com\/de\/wp-json\/wp\/v2\/users\/2"}],"replies":[{"embeddable":true,"href":"https:\/\/aisuperior.com\/de\/wp-json\/wp\/v2\/comments?post=11845"}],"version-history":[{"count":0,"href":"https:\/\/aisuperior.com\/de\/wp-json\/wp\/v2\/pages\/11845\/revisions"}],"wp:attachment":[{"href":"https:\/\/aisuperior.com\/de\/wp-json\/wp\/v2\/media?parent=11845"}],"curies":[{"name":"wp","href":"https:\/\/api.w.org\/{rel}","templated":true}]}}