{"id":13183,"date":"2023-10-30T06:45:16","date_gmt":"2023-10-30T06:45:16","guid":{"rendered":"https:\/\/aisuperior.com\/?page_id=13183"},"modified":"2023-11-30T14:28:27","modified_gmt":"2023-11-30T14:28:27","slug":"ai-for-business-leaders-workshop","status":"publish","type":"page","link":"https:\/\/aisuperior.com\/es\/services\/artificial-intelligence-education\/ai-for-business-leaders-workshop\/","title":{"rendered":"Taller de IA para l\u00edderes empresariales"},"content":{"rendered":"<div data-elementor-type=\"wp-page\" data-elementor-id=\"13183\" class=\"elementor elementor-13183\" data-elementor-post-type=\"page\">\n\t\t\t\t\t\t<section class=\"elementor-section elementor-top-section elementor-element elementor-element-62f9759 elementor-section-boxed elementor-section-height-default elementor-section-height-default\" data-id=\"62f9759\" data-element_type=\"section\" data-e-type=\"section\">\n\t\t\t\t\t\t<div class=\"elementor-container elementor-column-gap-default\">\n\t\t\t\t\t<div class=\"elementor-column elementor-col-50 elementor-top-column elementor-element elementor-element-4be8388\" data-id=\"4be8388\" data-element_type=\"column\" data-e-type=\"column\">\n\t\t\t<div class=\"elementor-widget-wrap elementor-element-populated\">\n\t\t\t\t\t\t<div class=\"elementor-element elementor-element-cca4261 elementor-widget elementor-widget-heading\" data-id=\"cca4261\" data-element_type=\"widget\" data-e-type=\"widget\" data-widget_type=\"heading.default\">\n\t\t\t\t\t<h1 class=\"elementor-heading-title elementor-size-medium\">IA para <span style=\"color:#4665A4\">L\u00edderes del negocio <\/span><\/h1>\t\t\t\t<\/div>\n\t\t\t\t<div class=\"elementor-element elementor-element-2167bd4 elementor-widget elementor-widget-text-editor\" data-id=\"2167bd4\" data-element_type=\"widget\" data-e-type=\"widget\" data-widget_type=\"text-editor.default\">\n\t\t\t\t\t\t\t\t\t<p><span style=\"background-color: var(--ast-global-color-5); font-weight: bold;\">Objetivo<\/span><span style=\"background-color: var(--ast-global-color-5);\">: Proporcionar a los l\u00edderes empresariales una comprensi\u00f3n de los fundamentos de la IA y c\u00f3mo se puede aprovechar para beneficiar a su organizaci\u00f3n.<br \/><\/span><strong style=\"font-style: inherit; background-color: var(--ast-global-color-5);\">Duraci\u00f3n<\/strong><span style=\"font-style: inherit; background-color: var(--ast-global-color-5);\"><span style=\"font-weight: inherit;\">: Un d\u00eda (7,5 horas)<\/span><br \/><\/span><strong style=\"font-style: inherit; background-color: var(--ast-global-color-5);\">Tama\u00f1o del grupo<\/strong><span style=\"font-style: inherit; background-color: var(--ast-global-color-5);\"><span style=\"font-weight: inherit;\">: 5-15 participantes<\/span><br \/><\/span><strong style=\"font-style: inherit; background-color: var(--ast-global-color-5);\">Idioma de instrucci\u00f3n<\/strong><span style=\"font-style: inherit; font-weight: inherit; background-color: var(--ast-global-color-5);\">: Ingl\u00e9s<\/span><\/p><p><strong>Sesi\u00f3n 1: Introducci\u00f3n a la IA (1 hora)<\/strong><\/p><ul><li>Actividad para romper el hielo<\/li><li>\u00bfQu\u00e9 es la IA?<\/li><li>Tipos de IA<\/li><li>Beneficios y desaf\u00edos de la IA<\/li><\/ul><p><strong>Sesi\u00f3n 2: Desarrollo de estrategias de IA (2 horas)<\/strong><\/p><ul><li>Evaluaci\u00f3n de la preparaci\u00f3n para la IA de su organizaci\u00f3n<\/li><li>Definici\u00f3n de objetivos y metas de IA<\/li><li>Desarrollar una estrategia de IA personalizada<\/li><li>Identificar las soluciones de IA adecuadas para su negocio<\/li><\/ul><p><strong>Sesi\u00f3n 3: \u00c9tica e IA (1 hora)<\/strong><\/p><ul><li>Las implicaciones \u00e9ticas de la IA<\/li><li>Construyendo IA de manera responsable<\/li><li>El papel de los l\u00edderes empresariales para garantizar pr\u00e1cticas \u00e9ticas de IA<\/li><\/ul><p><strong>Sesi\u00f3n 4: Implementaci\u00f3n de IA (2 horas)<\/strong><\/p><ul><li>Mejores pr\u00e1cticas para implementar la IA<\/li><li>Gestionar el cambio y conseguir la aceptaci\u00f3n de las partes interesadas<\/li><li>Capacitar y mejorar las habilidades de los empleados para la IA<\/li><li>Medici\u00f3n y seguimiento del impacto de la IA<\/li><\/ul><p><strong>Sesi\u00f3n 5: Estudios de casos de IA (1 hora)<\/strong><\/p><ul><li>Ejemplos del mundo real de implementaci\u00f3n exitosa de IA<\/li><li>Lecciones aprendidas de los fallos de la IA<\/li><li>Discusiones grupales interactivas sobre la aplicaci\u00f3n de la IA a los problemas empresariales:<\/li><\/ul><p><strong>Sesi\u00f3n 6: Conclusi\u00f3n (0,5 horas)<\/strong><\/p><ul><li>Resumen de conclusiones clave<\/li><li>Sesi\u00f3n de preguntas y respuestas con expertos en IA<\/li><\/ul><p><strong>Entrega<\/strong>: El taller se impartir\u00e1 en un entorno estilo aula con una combinaci\u00f3n de presentaciones, debates interactivos y actividades grupales. El taller estar\u00e1 dirigido por expertos en IA con amplio conocimiento empresarial.<\/p><p><strong>Materiales<\/strong>: Los participantes recibir\u00e1n una gu\u00eda del taller, una plantilla para desarrollar una estrategia de IA y acceso a recursos y herramientas adicionales para implementar la IA.<\/p><p><strong>Requisitos previos<\/strong>: No existen requisitos previos para asistir al taller, pero los participantes deben tener una comprensi\u00f3n b\u00e1sica de los objetivos y desaf\u00edos comerciales de su organizaci\u00f3n.<\/p>\t\t\t\t\t\t\t\t<\/div>\n\t\t\t\t<div class=\"elementor-element elementor-element-dc8c7ab elementor-align-center elementor-mobile-align-center elementor-widget elementor-widget-button\" data-id=\"dc8c7ab\" data-element_type=\"widget\" data-e-type=\"widget\" data-widget_type=\"button.default\">\n\t\t\t\t\t\t\t\t\t\t<a class=\"elementor-button elementor-button-link elementor-size-sm\" href=\"https:\/\/aisuperior.com\/es\/contact\/\">\n\t\t\t\t\t\t<span class=\"elementor-button-content-wrapper\">\n\t\t\t\t\t\t\t\t\t<span class=\"elementor-button-text\">Taller de libros<\/span>\n\t\t\t\t\t<\/span>\n\t\t\t\t\t<\/a>\n\t\t\t\t\t\t\t\t<\/div>\n\t\t\t\t\t<\/div>\n\t\t<\/div>\n\t\t\t\t<div class=\"elementor-column elementor-col-50 elementor-top-column elementor-element elementor-element-9f28b3d\" data-id=\"9f28b3d\" data-element_type=\"column\" data-e-type=\"column\">\n\t\t\t<div class=\"elementor-widget-wrap elementor-element-populated\">\n\t\t\t\t\t\t<div class=\"elementor-element elementor-element-09970d4 elementor-align-left elementor-mobile-align-center elementor-widget elementor-widget-button\" data-id=\"09970d4\" data-element_type=\"widget\" data-e-type=\"widget\" data-widget_type=\"button.default\">\n\t\t\t\t\t\t\t\t\t\t<a class=\"elementor-button elementor-button-link elementor-size-sm\" href=\"https:\/\/aisuperior.com\/es\/contact\/\">\n\t\t\t\t\t\t<span class=\"elementor-button-content-wrapper\">\n\t\t\t\t\t\t\t\t\t<span class=\"elementor-button-text\">Taller de libros<\/span>\n\t\t\t\t\t<\/span>\n\t\t\t\t\t<\/a>\n\t\t\t\t\t\t\t\t<\/div>\n\t\t\t\t\t<\/div>\n\t\t<\/div>\n\t\t\t\t\t<\/div>\n\t\t<\/section>\n\t\t\t\t<\/div>","protected":false},"excerpt":{"rendered":"<p>AI for Business Leaders Objective: Provide business leaders with an understanding of the fundamentals of AI and how it can be leveraged to benefit their organization.Duration: One day (7.5 hours)Group size: 5-15 participantsInstruction language: English Session 1: Introduction to AI (1 hour) Icebreaker activity What is AI? Types of AI AI benefits and challenges Session [&hellip;]<\/p>\n","protected":false},"author":2,"featured_media":0,"parent":5287,"menu_order":0,"comment_status":"closed","ping_status":"closed","template":"","meta":{"_acf_changed":false,"inline_featured_image":false,"site-sidebar-layout":"no-sidebar","site-content-layout":"page-builder","ast-site-content-layout":"default","site-content-style":"default","site-sidebar-style":"default","ast-global-header-display":"","ast-banner-title-visibility":"","ast-main-header-display":"","ast-hfb-above-header-display":"","ast-hfb-below-header-display":"","ast-hfb-mobile-header-display":"","site-post-title":"disabled","ast-breadcrumbs-content":"","ast-featured-img":"disabled","footer-sml-layout":"","ast-disable-related-posts":"","theme-transparent-header-meta":"default","adv-header-id-meta":"","stick-header-meta":"","header-above-stick-meta":"","header-main-stick-meta":"","header-below-stick-meta":"","astra-migrate-meta-layouts":"set","ast-page-background-enabled":"default","ast-page-background-meta":{"desktop":{"background-color":"var(--ast-global-color-4)","background-image":"","background-repeat":"repeat","background-position":"center center","background-size":"auto","background-attachment":"scroll","background-type":"","background-media":"","overlay-type":"","overlay-color":"","overlay-opacity":"","overlay-gradient":""},"tablet":{"background-color":"","background-image":"","background-repeat":"repeat","background-position":"center center","background-size":"auto","background-attachment":"scroll","background-type":"","background-media":"","overlay-type":"","overlay-color":"","overlay-opacity":"","overlay-gradient":""},"mobile":{"background-color":"","background-image":"","background-repeat":"repeat","background-position":"center center","background-size":"auto","background-attachment":"scroll","background-type":"","background-media":"","overlay-type":"","overlay-color":"","overlay-opacity":"","overlay-gradient":""}},"ast-content-background-meta":{"desktop":{"background-color":"var(--ast-global-color-5)","background-image":"","background-repeat":"repeat","background-position":"center center","background-size":"auto","background-attachment":"scroll","background-type":"","background-media":"","overlay-type":"","overlay-color":"","overlay-opacity":"","overlay-gradient":""},"tablet":{"background-color":"var(--ast-global-color-5)","background-image":"","background-repeat":"repeat","background-position":"center center","background-size":"auto","background-attachment":"scroll","background-type":"","background-media":"","overlay-type":"","overlay-color":"","overlay-opacity":"","overlay-gradient":""},"mobile":{"background-color":"var(--ast-global-color-5)","background-image":"","background-repeat":"repeat","background-position":"center center","background-size":"auto","background-attachment":"scroll","background-type":"","background-media":"","overlay-type":"","overlay-color":"","overlay-opacity":"","overlay-gradient":""}},"footnotes":""},"class_list":["post-13183","page","type-page","status-publish","hentry"],"acf":[],"yoast_head":"<!-- This site is optimized with the Yoast SEO plugin v27.4 - https:\/\/yoast.com\/product\/yoast-seo-wordpress\/ -->\n<title>AI for Business Leaders Workshop - aisuperior<\/title>\n<meta name=\"robots\" content=\"index, follow, max-snippet:-1, max-image-preview:large, max-video-preview:-1\" \/>\n<link rel=\"canonical\" href=\"https:\/\/aisuperior.com\/es\/services\/artificial-intelligence-education\/ai-for-business-leaders-workshop\/\" \/>\n<meta property=\"og:locale\" content=\"es_ES\" \/>\n<meta property=\"og:type\" content=\"article\" \/>\n<meta property=\"og:title\" content=\"AI for Business Leaders Workshop - aisuperior\" \/>\n<meta property=\"og:description\" content=\"AI for Business Leaders Objective: Provide business leaders with an understanding of the fundamentals of AI and how it can be leveraged to benefit their organization.Duration: One day (7.5 hours)Group size: 5-15 participantsInstruction language: English Session 1: Introduction to AI (1 hour) Icebreaker activity What is AI? Types of AI AI benefits and challenges Session [&hellip;]\" \/>\n<meta property=\"og:url\" content=\"https:\/\/aisuperior.com\/es\/services\/artificial-intelligence-education\/ai-for-business-leaders-workshop\/\" \/>\n<meta property=\"og:site_name\" content=\"aisuperior\" \/>\n<meta property=\"article:publisher\" content=\"https:\/\/www.facebook.com\/aisuperior\" \/>\n<meta property=\"article:modified_time\" content=\"2023-11-30T14:28:27+00:00\" \/>\n<meta name=\"twitter:card\" content=\"summary_large_image\" \/>\n<meta name=\"twitter:site\" content=\"@aisuperior\" \/>\n<meta name=\"twitter:label1\" content=\"Tiempo de lectura\" \/>\n\t<meta name=\"twitter:data1\" content=\"2 minutos\" \/>\n<script type=\"application\/ld+json\" class=\"yoast-schema-graph\">{\"@context\":\"https:\\\/\\\/schema.org\",\"@graph\":[{\"@type\":\"WebPage\",\"@id\":\"https:\\\/\\\/aisuperior.com\\\/services\\\/artificial-intelligence-education\\\/ai-for-business-leaders-workshop\\\/\",\"url\":\"https:\\\/\\\/aisuperior.com\\\/services\\\/artificial-intelligence-education\\\/ai-for-business-leaders-workshop\\\/\",\"name\":\"AI for Business Leaders Workshop - aisuperior\",\"isPartOf\":{\"@id\":\"https:\\\/\\\/aisuperior.com\\\/#website\"},\"datePublished\":\"2023-10-30T06:45:16+00:00\",\"dateModified\":\"2023-11-30T14:28:27+00:00\",\"breadcrumb\":{\"@id\":\"https:\\\/\\\/aisuperior.com\\\/services\\\/artificial-intelligence-education\\\/ai-for-business-leaders-workshop\\\/#breadcrumb\"},\"inLanguage\":\"es\",\"potentialAction\":[{\"@type\":\"ReadAction\",\"target\":[\"https:\\\/\\\/aisuperior.com\\\/services\\\/artificial-intelligence-education\\\/ai-for-business-leaders-workshop\\\/\"]}]},{\"@type\":\"BreadcrumbList\",\"@id\":\"https:\\\/\\\/aisuperior.com\\\/services\\\/artificial-intelligence-education\\\/ai-for-business-leaders-workshop\\\/#breadcrumb\",\"itemListElement\":[{\"@type\":\"ListItem\",\"position\":1,\"name\":\"Home\",\"item\":\"https:\\\/\\\/aisuperior.com\\\/\"},{\"@type\":\"ListItem\",\"position\":2,\"name\":\"Services\",\"item\":\"https:\\\/\\\/aisuperior.com\\\/services\\\/\"},{\"@type\":\"ListItem\",\"position\":3,\"name\":\"Education in Artificial Intelligence\",\"item\":\"https:\\\/\\\/aisuperior.com\\\/services\\\/artificial-intelligence-education\\\/\"},{\"@type\":\"ListItem\",\"position\":4,\"name\":\"AI for Business Leaders Workshop\"}]},{\"@type\":\"WebSite\",\"@id\":\"https:\\\/\\\/aisuperior.com\\\/#website\",\"url\":\"https:\\\/\\\/aisuperior.com\\\/\",\"name\":\"aisuperior\",\"description\":\"\",\"publisher\":{\"@id\":\"https:\\\/\\\/aisuperior.com\\\/#organization\"},\"potentialAction\":[{\"@type\":\"SearchAction\",\"target\":{\"@type\":\"EntryPoint\",\"urlTemplate\":\"https:\\\/\\\/aisuperior.com\\\/?s={search_term_string}\"},\"query-input\":{\"@type\":\"PropertyValueSpecification\",\"valueRequired\":true,\"valueName\":\"search_term_string\"}}],\"inLanguage\":\"es\"},{\"@type\":\"Organization\",\"@id\":\"https:\\\/\\\/aisuperior.com\\\/#organization\",\"name\":\"aisuperior\",\"url\":\"https:\\\/\\\/aisuperior.com\\\/\",\"logo\":{\"@type\":\"ImageObject\",\"inLanguage\":\"es\",\"@id\":\"https:\\\/\\\/aisuperior.com\\\/#\\\/schema\\\/logo\\\/image\\\/\",\"url\":\"https:\\\/\\\/aisuperior.com\\\/wp-content\\\/uploads\\\/2026\\\/02\\\/logo-1.png.webp\",\"contentUrl\":\"https:\\\/\\\/aisuperior.com\\\/wp-content\\\/uploads\\\/2026\\\/02\\\/logo-1.png.webp\",\"width\":320,\"height\":59,\"caption\":\"aisuperior\"},\"image\":{\"@id\":\"https:\\\/\\\/aisuperior.com\\\/#\\\/schema\\\/logo\\\/image\\\/\"},\"sameAs\":[\"https:\\\/\\\/www.facebook.com\\\/aisuperior\",\"https:\\\/\\\/x.com\\\/aisuperior\",\"https:\\\/\\\/www.linkedin.com\\\/company\\\/ai-superior\",\"https:\\\/\\\/www.instagram.com\\\/ai_superior\\\/\"]}]}<\/script>\n<!-- \/ Yoast SEO plugin. -->","yoast_head_json":{"title":"Taller de IA para l\u00edderes empresariales - aisuperior","robots":{"index":"index","follow":"follow","max-snippet":"max-snippet:-1","max-image-preview":"max-image-preview:large","max-video-preview":"max-video-preview:-1"},"canonical":"https:\/\/aisuperior.com\/es\/services\/artificial-intelligence-education\/ai-for-business-leaders-workshop\/","og_locale":"es_ES","og_type":"article","og_title":"AI for Business Leaders Workshop - aisuperior","og_description":"AI for Business Leaders Objective: Provide business leaders with an understanding of the fundamentals of AI and how it can be leveraged to benefit their organization.Duration: One day (7.5 hours)Group size: 5-15 participantsInstruction language: English Session 1: Introduction to AI (1 hour) Icebreaker activity What is AI? Types of AI AI benefits and challenges Session [&hellip;]","og_url":"https:\/\/aisuperior.com\/es\/services\/artificial-intelligence-education\/ai-for-business-leaders-workshop\/","og_site_name":"aisuperior","article_publisher":"https:\/\/www.facebook.com\/aisuperior","article_modified_time":"2023-11-30T14:28:27+00:00","twitter_card":"summary_large_image","twitter_site":"@aisuperior","twitter_misc":{"Tiempo de lectura":"2 minutos"},"schema":{"@context":"https:\/\/schema.org","@graph":[{"@type":"WebPage","@id":"https:\/\/aisuperior.com\/services\/artificial-intelligence-education\/ai-for-business-leaders-workshop\/","url":"https:\/\/aisuperior.com\/services\/artificial-intelligence-education\/ai-for-business-leaders-workshop\/","name":"Taller de IA para l\u00edderes empresariales - aisuperior","isPartOf":{"@id":"https:\/\/aisuperior.com\/#website"},"datePublished":"2023-10-30T06:45:16+00:00","dateModified":"2023-11-30T14:28:27+00:00","breadcrumb":{"@id":"https:\/\/aisuperior.com\/services\/artificial-intelligence-education\/ai-for-business-leaders-workshop\/#breadcrumb"},"inLanguage":"es","potentialAction":[{"@type":"ReadAction","target":["https:\/\/aisuperior.com\/services\/artificial-intelligence-education\/ai-for-business-leaders-workshop\/"]}]},{"@type":"BreadcrumbList","@id":"https:\/\/aisuperior.com\/services\/artificial-intelligence-education\/ai-for-business-leaders-workshop\/#breadcrumb","itemListElement":[{"@type":"ListItem","position":1,"name":"Home","item":"https:\/\/aisuperior.com\/"},{"@type":"ListItem","position":2,"name":"Services","item":"https:\/\/aisuperior.com\/services\/"},{"@type":"ListItem","position":3,"name":"Education in Artificial Intelligence","item":"https:\/\/aisuperior.com\/services\/artificial-intelligence-education\/"},{"@type":"ListItem","position":4,"name":"AI for Business Leaders Workshop"}]},{"@type":"WebSite","@id":"https:\/\/aisuperior.com\/#website","url":"https:\/\/aisuperior.com\/","name":"aisuperior","description":"","publisher":{"@id":"https:\/\/aisuperior.com\/#organization"},"potentialAction":[{"@type":"SearchAction","target":{"@type":"EntryPoint","urlTemplate":"https:\/\/aisuperior.com\/?s={search_term_string}"},"query-input":{"@type":"PropertyValueSpecification","valueRequired":true,"valueName":"search_term_string"}}],"inLanguage":"es"},{"@type":"Organization","@id":"https:\/\/aisuperior.com\/#organization","name":"aisuperior","url":"https:\/\/aisuperior.com\/","logo":{"@type":"ImageObject","inLanguage":"es","@id":"https:\/\/aisuperior.com\/#\/schema\/logo\/image\/","url":"https:\/\/aisuperior.com\/wp-content\/uploads\/2026\/02\/logo-1.png.webp","contentUrl":"https:\/\/aisuperior.com\/wp-content\/uploads\/2026\/02\/logo-1.png.webp","width":320,"height":59,"caption":"aisuperior"},"image":{"@id":"https:\/\/aisuperior.com\/#\/schema\/logo\/image\/"},"sameAs":["https:\/\/www.facebook.com\/aisuperior","https:\/\/x.com\/aisuperior","https:\/\/www.linkedin.com\/company\/ai-superior","https:\/\/www.instagram.com\/ai_superior\/"]}]}},"_links":{"self":[{"href":"https:\/\/aisuperior.com\/es\/wp-json\/wp\/v2\/pages\/13183","targetHints":{"allow":["GET"]}}],"collection":[{"href":"https:\/\/aisuperior.com\/es\/wp-json\/wp\/v2\/pages"}],"about":[{"href":"https:\/\/aisuperior.com\/es\/wp-json\/wp\/v2\/types\/page"}],"author":[{"embeddable":true,"href":"https:\/\/aisuperior.com\/es\/wp-json\/wp\/v2\/users\/2"}],"replies":[{"embeddable":true,"href":"https:\/\/aisuperior.com\/es\/wp-json\/wp\/v2\/comments?post=13183"}],"version-history":[{"count":0,"href":"https:\/\/aisuperior.com\/es\/wp-json\/wp\/v2\/pages\/13183\/revisions"}],"up":[{"embeddable":true,"href":"https:\/\/aisuperior.com\/es\/wp-json\/wp\/v2\/pages\/5287"}],"wp:attachment":[{"href":"https:\/\/aisuperior.com\/es\/wp-json\/wp\/v2\/media?parent=13183"}],"curies":[{"name":"gracias","href":"https:\/\/api.w.org\/{rel}","templated":true}]}}