{"id":13183,"date":"2023-10-30T06:45:16","date_gmt":"2023-10-30T06:45:16","guid":{"rendered":"https:\/\/aisuperior.com\/?page_id=13183"},"modified":"2023-11-30T14:28:27","modified_gmt":"2023-11-30T14:28:27","slug":"ai-for-business-leaders-workshop","status":"publish","type":"page","link":"https:\/\/aisuperior.com\/fr\/services\/artificial-intelligence-education\/ai-for-business-leaders-workshop\/","title":{"rendered":"Atelier sur l&#039;IA pour les chefs d&#039;entreprise"},"content":{"rendered":"<div data-elementor-type=\"wp-page\" data-elementor-id=\"13183\" class=\"elementor elementor-13183\" data-elementor-post-type=\"page\">\n\t\t\t\t\t\t<section class=\"elementor-section elementor-top-section elementor-element elementor-element-62f9759 elementor-section-boxed elementor-section-height-default elementor-section-height-default\" data-id=\"62f9759\" data-element_type=\"section\" data-e-type=\"section\">\n\t\t\t\t\t\t<div class=\"elementor-container elementor-column-gap-default\">\n\t\t\t\t\t<div class=\"elementor-column elementor-col-50 elementor-top-column elementor-element elementor-element-4be8388\" data-id=\"4be8388\" data-element_type=\"column\" data-e-type=\"column\">\n\t\t\t<div class=\"elementor-widget-wrap elementor-element-populated\">\n\t\t\t\t\t\t<div class=\"elementor-element elementor-element-cca4261 elementor-widget elementor-widget-heading\" data-id=\"cca4261\" data-element_type=\"widget\" data-e-type=\"widget\" data-widget_type=\"heading.default\">\n\t\t\t\t\t<h1 class=\"elementor-heading-title elementor-size-medium\">IA pour <span style=\"color:#4665A4\">Les chefs d&#039;entreprise <\/span><\/h1>\t\t\t\t<\/div>\n\t\t\t\t<div class=\"elementor-element elementor-element-2167bd4 elementor-widget elementor-widget-text-editor\" data-id=\"2167bd4\" data-element_type=\"widget\" data-e-type=\"widget\" data-widget_type=\"text-editor.default\">\n\t\t\t\t\t\t\t\t\t<p><span style=\"background-color: var(--ast-global-color-5); font-weight: bold;\">Objectif<\/span><span style=\"background-color: var(--ast-global-color-5);\">: Fournir aux chefs d&#039;entreprise une compr\u00e9hension des principes fondamentaux de l&#039;IA et de la mani\u00e8re dont elle peut \u00eatre exploit\u00e9e au profit de leur organisation.<br \/><\/span><strong style=\"font-style: inherit; background-color: var(--ast-global-color-5);\">Dur\u00e9e<\/strong><span style=\"font-style: inherit; background-color: var(--ast-global-color-5);\"><span style=\"font-weight: inherit;\">: Une journ\u00e9e (7,5 heures)<\/span><br \/><\/span><strong style=\"font-style: inherit; background-color: var(--ast-global-color-5);\">Taille de groupe<\/strong><span style=\"font-style: inherit; background-color: var(--ast-global-color-5);\"><span style=\"font-weight: inherit;\">: 5-15 participants<\/span><br \/><\/span><strong style=\"font-style: inherit; background-color: var(--ast-global-color-5);\">Langue d&#039;instruction<\/strong><span style=\"font-style: inherit; font-weight: inherit; background-color: var(--ast-global-color-5);\">: Anglais<\/span><\/p><p><strong>Session 1\u00a0: Introduction \u00e0 l&#039;IA (1 heure)<\/strong><\/p><ul><li>Activit\u00e9 brise-glace<\/li><li>Qu\u2019est-ce que l\u2019IA ?<\/li><li>Types d&#039;IA<\/li><li>Avantages et d\u00e9fis de l\u2019IA<\/li><\/ul><p><strong>Session 2\u00a0:\u00a0D\u00e9veloppement d&#039;une strat\u00e9gie d&#039;IA (2 heures)<\/strong><\/p><ul><li>\u00c9valuer l&#039;\u00e9tat de pr\u00e9paration de votre organisation \u00e0 l&#039;IA<\/li><li>D\u00e9finir les objectifs et les buts de l&#039;IA<\/li><li>D\u00e9velopper une strat\u00e9gie d\u2019IA personnalis\u00e9e<\/li><li>Identifier les bonnes solutions d&#039;IA pour votre entreprise<\/li><\/ul><p><strong>Session 3 : \u00c9thique et IA (1 heure)<\/strong><\/p><ul><li>Les implications \u00e9thiques de l\u2019IA<\/li><li>Construire l\u2019IA de mani\u00e8re responsable<\/li><li>Le r\u00f4le des chefs d\u2019entreprise pour garantir des pratiques \u00e9thiques en mati\u00e8re d\u2019IA<\/li><\/ul><p><strong>Session 4\u00a0:\u00a0Mise en \u0153uvre de l&#039;IA (2 heures)<\/strong><\/p><ul><li>Meilleures pratiques pour mettre en \u0153uvre l\u2019IA<\/li><li>G\u00e9rer le changement et obtenir l\u2019adh\u00e9sion des parties prenantes<\/li><li>Former et perfectionner les employ\u00e9s pour l\u2019IA<\/li><li>Mesurer et suivre l\u2019impact de l\u2019IA<\/li><\/ul><p><strong>Session 5\u00a0: \u00c9tudes de cas sur l&#039;IA (1 heure)<\/strong><\/p><ul><li>Exemples concrets de mise en \u0153uvre r\u00e9ussie de l&#039;IA<\/li><li>Le\u00e7ons tir\u00e9es des \u00e9checs de l\u2019IA<\/li><li>Discussions de groupe interactives sur l\u2019application de l\u2019IA aux probl\u00e8mes commerciaux\u00a0:<\/li><\/ul><p><strong>S\u00e9ance 6\u00a0: Conclusion (0,5 heure)<\/strong><\/p><ul><li>R\u00e9capitulatif des principaux points \u00e0 retenir<\/li><li>S\u00e9ance de questions-r\u00e9ponses avec des experts en IA<\/li><\/ul><p><strong>Livraison<\/strong>: L&#039;atelier se d\u00e9roulera dans un environnement de style salle de classe avec un m\u00e9lange de pr\u00e9sentations, de discussions interactives et d&#039;activit\u00e9s de groupe. L&#039;atelier sera anim\u00e9 par des experts exp\u00e9riment\u00e9s en IA poss\u00e9dant une connaissance approfondie des affaires.<\/p><p><strong>Mat\u00e9riaux<\/strong>: Les participants recevront un guide d&#039;atelier, un mod\u00e8le pour d\u00e9velopper une strat\u00e9gie d&#039;IA et un acc\u00e8s \u00e0 des ressources et des outils suppl\u00e9mentaires pour la mise en \u0153uvre de l&#039;IA.<\/p><p><strong>Conditions pr\u00e9alables<\/strong>: Il n&#039;y a aucune condition pr\u00e9alable pour assister \u00e0 l&#039;atelier, mais les participants doivent avoir une compr\u00e9hension de base des objectifs et des d\u00e9fis commerciaux de leur organisation.<\/p>\t\t\t\t\t\t\t\t<\/div>\n\t\t\t\t<div class=\"elementor-element elementor-element-dc8c7ab elementor-align-center elementor-mobile-align-center elementor-widget elementor-widget-button\" data-id=\"dc8c7ab\" data-element_type=\"widget\" data-e-type=\"widget\" data-widget_type=\"button.default\">\n\t\t\t\t\t\t\t\t\t\t<a class=\"elementor-button elementor-button-link elementor-size-sm\" href=\"https:\/\/aisuperior.com\/fr\/contact\/\">\n\t\t\t\t\t\t<span class=\"elementor-button-content-wrapper\">\n\t\t\t\t\t\t\t\t\t<span class=\"elementor-button-text\">Atelier du livre<\/span>\n\t\t\t\t\t<\/span>\n\t\t\t\t\t<\/a>\n\t\t\t\t\t\t\t\t<\/div>\n\t\t\t\t\t<\/div>\n\t\t<\/div>\n\t\t\t\t<div class=\"elementor-column elementor-col-50 elementor-top-column elementor-element elementor-element-9f28b3d\" data-id=\"9f28b3d\" data-element_type=\"column\" data-e-type=\"column\">\n\t\t\t<div class=\"elementor-widget-wrap elementor-element-populated\">\n\t\t\t\t\t\t<div class=\"elementor-element elementor-element-09970d4 elementor-align-left elementor-mobile-align-center elementor-widget elementor-widget-button\" data-id=\"09970d4\" data-element_type=\"widget\" data-e-type=\"widget\" data-widget_type=\"button.default\">\n\t\t\t\t\t\t\t\t\t\t<a class=\"elementor-button elementor-button-link elementor-size-sm\" href=\"https:\/\/aisuperior.com\/fr\/contact\/\">\n\t\t\t\t\t\t<span class=\"elementor-button-content-wrapper\">\n\t\t\t\t\t\t\t\t\t<span class=\"elementor-button-text\">Atelier du livre<\/span>\n\t\t\t\t\t<\/span>\n\t\t\t\t\t<\/a>\n\t\t\t\t\t\t\t\t<\/div>\n\t\t\t\t\t<\/div>\n\t\t<\/div>\n\t\t\t\t\t<\/div>\n\t\t<\/section>\n\t\t\t\t<\/div>","protected":false},"excerpt":{"rendered":"<p>AI for Business Leaders Objective: Provide business leaders with an understanding of the fundamentals of AI and how it can be leveraged to benefit their organization.Duration: One day (7.5 hours)Group size: 5-15 participantsInstruction language: English Session 1: Introduction to AI (1 hour) Icebreaker activity What is AI? Types of AI AI benefits and challenges Session [&hellip;]<\/p>\n","protected":false},"author":2,"featured_media":0,"parent":5287,"menu_order":0,"comment_status":"closed","ping_status":"closed","template":"","meta":{"_acf_changed":false,"inline_featured_image":false,"site-sidebar-layout":"no-sidebar","site-content-layout":"page-builder","ast-site-content-layout":"default","site-content-style":"default","site-sidebar-style":"default","ast-global-header-display":"","ast-banner-title-visibility":"","ast-main-header-display":"","ast-hfb-above-header-display":"","ast-hfb-below-header-display":"","ast-hfb-mobile-header-display":"","site-post-title":"disabled","ast-breadcrumbs-content":"","ast-featured-img":"disabled","footer-sml-layout":"","ast-disable-related-posts":"","theme-transparent-header-meta":"default","adv-header-id-meta":"","stick-header-meta":"","header-above-stick-meta":"","header-main-stick-meta":"","header-below-stick-meta":"","astra-migrate-meta-layouts":"set","ast-page-background-enabled":"default","ast-page-background-meta":{"desktop":{"background-color":"var(--ast-global-color-4)","background-image":"","background-repeat":"repeat","background-position":"center center","background-size":"auto","background-attachment":"scroll","background-type":"","background-media":"","overlay-type":"","overlay-color":"","overlay-opacity":"","overlay-gradient":""},"tablet":{"background-color":"","background-image":"","background-repeat":"repeat","background-position":"center center","background-size":"auto","background-attachment":"scroll","background-type":"","background-media":"","overlay-type":"","overlay-color":"","overlay-opacity":"","overlay-gradient":""},"mobile":{"background-color":"","background-image":"","background-repeat":"repeat","background-position":"center center","background-size":"auto","background-attachment":"scroll","background-type":"","background-media":"","overlay-type":"","overlay-color":"","overlay-opacity":"","overlay-gradient":""}},"ast-content-background-meta":{"desktop":{"background-color":"var(--ast-global-color-5)","background-image":"","background-repeat":"repeat","background-position":"center center","background-size":"auto","background-attachment":"scroll","background-type":"","background-media":"","overlay-type":"","overlay-color":"","overlay-opacity":"","overlay-gradient":""},"tablet":{"background-color":"var(--ast-global-color-5)","background-image":"","background-repeat":"repeat","background-position":"center center","background-size":"auto","background-attachment":"scroll","background-type":"","background-media":"","overlay-type":"","overlay-color":"","overlay-opacity":"","overlay-gradient":""},"mobile":{"background-color":"var(--ast-global-color-5)","background-image":"","background-repeat":"repeat","background-position":"center center","background-size":"auto","background-attachment":"scroll","background-type":"","background-media":"","overlay-type":"","overlay-color":"","overlay-opacity":"","overlay-gradient":""}},"footnotes":""},"class_list":["post-13183","page","type-page","status-publish","hentry"],"acf":[],"yoast_head":"<!-- This site is optimized with the Yoast SEO plugin v27.4 - https:\/\/yoast.com\/product\/yoast-seo-wordpress\/ -->\n<title>AI for Business Leaders Workshop - aisuperior<\/title>\n<meta name=\"robots\" content=\"index, follow, max-snippet:-1, max-image-preview:large, max-video-preview:-1\" \/>\n<link rel=\"canonical\" href=\"https:\/\/aisuperior.com\/fr\/services\/artificial-intelligence-education\/ai-for-business-leaders-workshop\/\" \/>\n<meta property=\"og:locale\" content=\"fr_FR\" \/>\n<meta property=\"og:type\" content=\"article\" \/>\n<meta property=\"og:title\" content=\"AI for Business Leaders Workshop - aisuperior\" \/>\n<meta property=\"og:description\" content=\"AI for Business Leaders Objective: Provide business leaders with an understanding of the fundamentals of AI and how it can be leveraged to benefit their organization.Duration: One day (7.5 hours)Group size: 5-15 participantsInstruction language: English Session 1: Introduction to AI (1 hour) Icebreaker activity What is AI? Types of AI AI benefits and challenges Session [&hellip;]\" \/>\n<meta property=\"og:url\" content=\"https:\/\/aisuperior.com\/fr\/services\/artificial-intelligence-education\/ai-for-business-leaders-workshop\/\" \/>\n<meta property=\"og:site_name\" content=\"aisuperior\" \/>\n<meta property=\"article:publisher\" content=\"https:\/\/www.facebook.com\/aisuperior\" \/>\n<meta property=\"article:modified_time\" content=\"2023-11-30T14:28:27+00:00\" \/>\n<meta name=\"twitter:card\" content=\"summary_large_image\" \/>\n<meta name=\"twitter:site\" content=\"@aisuperior\" \/>\n<meta name=\"twitter:label1\" content=\"Dur\u00e9e de lecture estim\u00e9e\" \/>\n\t<meta name=\"twitter:data1\" content=\"2 minutes\" \/>\n<script type=\"application\/ld+json\" class=\"yoast-schema-graph\">{\"@context\":\"https:\\\/\\\/schema.org\",\"@graph\":[{\"@type\":\"WebPage\",\"@id\":\"https:\\\/\\\/aisuperior.com\\\/services\\\/artificial-intelligence-education\\\/ai-for-business-leaders-workshop\\\/\",\"url\":\"https:\\\/\\\/aisuperior.com\\\/services\\\/artificial-intelligence-education\\\/ai-for-business-leaders-workshop\\\/\",\"name\":\"AI for Business Leaders Workshop - aisuperior\",\"isPartOf\":{\"@id\":\"https:\\\/\\\/aisuperior.com\\\/#website\"},\"datePublished\":\"2023-10-30T06:45:16+00:00\",\"dateModified\":\"2023-11-30T14:28:27+00:00\",\"breadcrumb\":{\"@id\":\"https:\\\/\\\/aisuperior.com\\\/services\\\/artificial-intelligence-education\\\/ai-for-business-leaders-workshop\\\/#breadcrumb\"},\"inLanguage\":\"fr-FR\",\"potentialAction\":[{\"@type\":\"ReadAction\",\"target\":[\"https:\\\/\\\/aisuperior.com\\\/services\\\/artificial-intelligence-education\\\/ai-for-business-leaders-workshop\\\/\"]}]},{\"@type\":\"BreadcrumbList\",\"@id\":\"https:\\\/\\\/aisuperior.com\\\/services\\\/artificial-intelligence-education\\\/ai-for-business-leaders-workshop\\\/#breadcrumb\",\"itemListElement\":[{\"@type\":\"ListItem\",\"position\":1,\"name\":\"Home\",\"item\":\"https:\\\/\\\/aisuperior.com\\\/\"},{\"@type\":\"ListItem\",\"position\":2,\"name\":\"Services\",\"item\":\"https:\\\/\\\/aisuperior.com\\\/services\\\/\"},{\"@type\":\"ListItem\",\"position\":3,\"name\":\"Education in Artificial Intelligence\",\"item\":\"https:\\\/\\\/aisuperior.com\\\/services\\\/artificial-intelligence-education\\\/\"},{\"@type\":\"ListItem\",\"position\":4,\"name\":\"AI for Business Leaders Workshop\"}]},{\"@type\":\"WebSite\",\"@id\":\"https:\\\/\\\/aisuperior.com\\\/#website\",\"url\":\"https:\\\/\\\/aisuperior.com\\\/\",\"name\":\"aisuperior\",\"description\":\"\",\"publisher\":{\"@id\":\"https:\\\/\\\/aisuperior.com\\\/#organization\"},\"potentialAction\":[{\"@type\":\"SearchAction\",\"target\":{\"@type\":\"EntryPoint\",\"urlTemplate\":\"https:\\\/\\\/aisuperior.com\\\/?s={search_term_string}\"},\"query-input\":{\"@type\":\"PropertyValueSpecification\",\"valueRequired\":true,\"valueName\":\"search_term_string\"}}],\"inLanguage\":\"fr-FR\"},{\"@type\":\"Organization\",\"@id\":\"https:\\\/\\\/aisuperior.com\\\/#organization\",\"name\":\"aisuperior\",\"url\":\"https:\\\/\\\/aisuperior.com\\\/\",\"logo\":{\"@type\":\"ImageObject\",\"inLanguage\":\"fr-FR\",\"@id\":\"https:\\\/\\\/aisuperior.com\\\/#\\\/schema\\\/logo\\\/image\\\/\",\"url\":\"https:\\\/\\\/aisuperior.com\\\/wp-content\\\/uploads\\\/2026\\\/02\\\/logo-1.png.webp\",\"contentUrl\":\"https:\\\/\\\/aisuperior.com\\\/wp-content\\\/uploads\\\/2026\\\/02\\\/logo-1.png.webp\",\"width\":320,\"height\":59,\"caption\":\"aisuperior\"},\"image\":{\"@id\":\"https:\\\/\\\/aisuperior.com\\\/#\\\/schema\\\/logo\\\/image\\\/\"},\"sameAs\":[\"https:\\\/\\\/www.facebook.com\\\/aisuperior\",\"https:\\\/\\\/x.com\\\/aisuperior\",\"https:\\\/\\\/www.linkedin.com\\\/company\\\/ai-superior\",\"https:\\\/\\\/www.instagram.com\\\/ai_superior\\\/\"]}]}<\/script>\n<!-- \/ Yoast SEO plugin. -->","yoast_head_json":{"title":"Atelier IA pour les chefs d&#039;entreprise - aisuperior","robots":{"index":"index","follow":"follow","max-snippet":"max-snippet:-1","max-image-preview":"max-image-preview:large","max-video-preview":"max-video-preview:-1"},"canonical":"https:\/\/aisuperior.com\/fr\/services\/artificial-intelligence-education\/ai-for-business-leaders-workshop\/","og_locale":"fr_FR","og_type":"article","og_title":"AI for Business Leaders Workshop - aisuperior","og_description":"AI for Business Leaders Objective: Provide business leaders with an understanding of the fundamentals of AI and how it can be leveraged to benefit their organization.Duration: One day (7.5 hours)Group size: 5-15 participantsInstruction language: English Session 1: Introduction to AI (1 hour) Icebreaker activity What is AI? Types of AI AI benefits and challenges Session [&hellip;]","og_url":"https:\/\/aisuperior.com\/fr\/services\/artificial-intelligence-education\/ai-for-business-leaders-workshop\/","og_site_name":"aisuperior","article_publisher":"https:\/\/www.facebook.com\/aisuperior","article_modified_time":"2023-11-30T14:28:27+00:00","twitter_card":"summary_large_image","twitter_site":"@aisuperior","twitter_misc":{"Dur\u00e9e de lecture estim\u00e9e":"2 minutes"},"schema":{"@context":"https:\/\/schema.org","@graph":[{"@type":"WebPage","@id":"https:\/\/aisuperior.com\/services\/artificial-intelligence-education\/ai-for-business-leaders-workshop\/","url":"https:\/\/aisuperior.com\/services\/artificial-intelligence-education\/ai-for-business-leaders-workshop\/","name":"Atelier IA pour les chefs d&#039;entreprise - aisuperior","isPartOf":{"@id":"https:\/\/aisuperior.com\/#website"},"datePublished":"2023-10-30T06:45:16+00:00","dateModified":"2023-11-30T14:28:27+00:00","breadcrumb":{"@id":"https:\/\/aisuperior.com\/services\/artificial-intelligence-education\/ai-for-business-leaders-workshop\/#breadcrumb"},"inLanguage":"fr-FR","potentialAction":[{"@type":"ReadAction","target":["https:\/\/aisuperior.com\/services\/artificial-intelligence-education\/ai-for-business-leaders-workshop\/"]}]},{"@type":"BreadcrumbList","@id":"https:\/\/aisuperior.com\/services\/artificial-intelligence-education\/ai-for-business-leaders-workshop\/#breadcrumb","itemListElement":[{"@type":"ListItem","position":1,"name":"Home","item":"https:\/\/aisuperior.com\/"},{"@type":"ListItem","position":2,"name":"Services","item":"https:\/\/aisuperior.com\/services\/"},{"@type":"ListItem","position":3,"name":"Education in Artificial Intelligence","item":"https:\/\/aisuperior.com\/services\/artificial-intelligence-education\/"},{"@type":"ListItem","position":4,"name":"AI for Business Leaders Workshop"}]},{"@type":"WebSite","@id":"https:\/\/aisuperior.com\/#website","url":"https:\/\/aisuperior.com\/","name":"aisuperior","description":"","publisher":{"@id":"https:\/\/aisuperior.com\/#organization"},"potentialAction":[{"@type":"SearchAction","target":{"@type":"EntryPoint","urlTemplate":"https:\/\/aisuperior.com\/?s={search_term_string}"},"query-input":{"@type":"PropertyValueSpecification","valueRequired":true,"valueName":"search_term_string"}}],"inLanguage":"fr-FR"},{"@type":"Organization","@id":"https:\/\/aisuperior.com\/#organization","name":"aisuperior","url":"https:\/\/aisuperior.com\/","logo":{"@type":"ImageObject","inLanguage":"fr-FR","@id":"https:\/\/aisuperior.com\/#\/schema\/logo\/image\/","url":"https:\/\/aisuperior.com\/wp-content\/uploads\/2026\/02\/logo-1.png.webp","contentUrl":"https:\/\/aisuperior.com\/wp-content\/uploads\/2026\/02\/logo-1.png.webp","width":320,"height":59,"caption":"aisuperior"},"image":{"@id":"https:\/\/aisuperior.com\/#\/schema\/logo\/image\/"},"sameAs":["https:\/\/www.facebook.com\/aisuperior","https:\/\/x.com\/aisuperior","https:\/\/www.linkedin.com\/company\/ai-superior","https:\/\/www.instagram.com\/ai_superior\/"]}]}},"_links":{"self":[{"href":"https:\/\/aisuperior.com\/fr\/wp-json\/wp\/v2\/pages\/13183","targetHints":{"allow":["GET"]}}],"collection":[{"href":"https:\/\/aisuperior.com\/fr\/wp-json\/wp\/v2\/pages"}],"about":[{"href":"https:\/\/aisuperior.com\/fr\/wp-json\/wp\/v2\/types\/page"}],"author":[{"embeddable":true,"href":"https:\/\/aisuperior.com\/fr\/wp-json\/wp\/v2\/users\/2"}],"replies":[{"embeddable":true,"href":"https:\/\/aisuperior.com\/fr\/wp-json\/wp\/v2\/comments?post=13183"}],"version-history":[{"count":0,"href":"https:\/\/aisuperior.com\/fr\/wp-json\/wp\/v2\/pages\/13183\/revisions"}],"up":[{"embeddable":true,"href":"https:\/\/aisuperior.com\/fr\/wp-json\/wp\/v2\/pages\/5287"}],"wp:attachment":[{"href":"https:\/\/aisuperior.com\/fr\/wp-json\/wp\/v2\/media?parent=13183"}],"curies":[{"name":"wp","href":"https:\/\/api.w.org\/{rel}","templated":true}]}}