{"id":23536,"date":"2024-08-27T12:32:40","date_gmt":"2024-08-27T12:32:40","guid":{"rendered":"https:\/\/aisuperior.com\/?page_id=23536"},"modified":"2024-08-28T05:08:52","modified_gmt":"2024-08-28T05:08:52","slug":"founding-team","status":"publish","type":"page","link":"https:\/\/aisuperior.com\/fr\/founding-team\/","title":{"rendered":"Equipe fondatrice"},"content":{"rendered":"<div data-elementor-type=\"wp-page\" data-elementor-id=\"23536\" class=\"elementor elementor-23536\" data-elementor-post-type=\"page\">\n\t\t\t\t\t\t<section class=\"elementor-section elementor-top-section elementor-element elementor-element-77e00a9 elementor-section-boxed elementor-section-height-default elementor-section-height-default\" data-id=\"77e00a9\" data-element_type=\"section\" data-e-type=\"section\">\n\t\t\t\t\t\t<div class=\"elementor-container elementor-column-gap-no\">\n\t\t\t\t\t<div class=\"elementor-column elementor-col-100 elementor-top-column elementor-element elementor-element-ebf341c\" data-id=\"ebf341c\" data-element_type=\"column\" data-e-type=\"column\">\n\t\t\t<div class=\"elementor-widget-wrap elementor-element-populated\">\n\t\t\t\t\t\t<div class=\"elementor-element elementor-element-dcd8f17 elementor-widget elementor-widget-text-editor\" data-id=\"dcd8f17\" data-element_type=\"widget\" data-e-type=\"widget\" data-widget_type=\"text-editor.default\">\n\t\t\t\t\t\t\t\t\t<p>Le Dr. Ivan Tankoyeu et le Dr. Sergey Sukhanov, fondateurs d'AI Superior, sont des pionniers reconnus dans le domaine de l'intelligence artificielle, qui se distinguent par leurs contributions \u00e0 la communaut\u00e9 de l'IA. Tous deux sont les auteurs d'un nombre important d'articles de recherche qui ont fait progresser \u00e0 la fois la base de connaissances et l'application pratique des technologies de l'IA.<\/p><p>Au-del\u00e0 de leurs r\u00e9alisations acad\u00e9miques, ils ont jou\u00e9 un r\u00f4le essentiel dans le d\u00e9veloppement d\u2019algorithmes et de syst\u00e8mes d\u2019IA innovants, ce qui a donn\u00e9 lieu \u00e0 plusieurs brevets qui soulignent leur cr\u00e9ativit\u00e9 et leur vision avant-gardiste. Leur travail novateur leur a valu de nombreux prix, reconnaissant leur excellence et leur impact dans la recherche et l\u2019application de l\u2019IA.<\/p><p>Leurs contributions scientifiques, associ\u00e9es \u00e0 une passion in\u00e9branlable pour repousser les limites de l\u2019IA, les ont fermement \u00e9tablis comme leaders dans le domaine. Cette solide base d\u2019expertise et d\u2019innovation a \u00e9t\u00e9 essentielle au succ\u00e8s d\u2019AI Superior, permettant \u00e0 l\u2019entreprise de fournir en permanence des solutions de pointe qui r\u00e9pondent \u00e0 des d\u00e9fis complexes dans divers secteurs d\u2019activit\u00e9 en Allemagne et \u00e0 l\u2019\u00e9tranger.<\/p>\t\t\t\t\t\t\t\t<\/div>\n\t\t\t\t\t<\/div>\n\t\t<\/div>\n\t\t\t\t\t<\/div>\n\t\t<\/section>\n\t\t\t\t<section class=\"elementor-section elementor-top-section elementor-element elementor-element-e961ed1 elementor-section-boxed elementor-section-height-default elementor-section-height-default\" data-id=\"e961ed1\" data-element_type=\"section\" data-e-type=\"section\">\n\t\t\t\t\t\t<div class=\"elementor-container elementor-column-gap-default\">\n\t\t\t\t\t<div class=\"elementor-column elementor-col-50 elementor-top-column elementor-element elementor-element-b87fecf\" data-id=\"b87fecf\" data-element_type=\"column\" data-e-type=\"column\">\n\t\t\t<div class=\"elementor-widget-wrap elementor-element-populated\">\n\t\t\t\t\t\t<div class=\"elementor-element elementor-element-8720032 elementor-widget elementor-widget-image\" data-id=\"8720032\" data-element_type=\"widget\" data-e-type=\"widget\" data-widget_type=\"image.default\">\n\t\t\t\t\t\t\t\t\t\t\t\t\t\t\t<img fetchpriority=\"high\" decoding=\"async\" width=\"800\" height=\"800\" src=\"https:\/\/aisuperior.com\/wp-content\/uploads\/2023\/08\/Ivan-Tankoyeu-circle-2c95f8030c4282e4d5cebb5b889f7400-il8nemx07o9z.jpg\" class=\"attachment-large size-large wp-image-2375\" alt=\"\" srcset=\"https:\/\/aisuperior.com\/wp-content\/uploads\/2023\/08\/Ivan-Tankoyeu-circle-2c95f8030c4282e4d5cebb5b889f7400-il8nemx07o9z.jpg 800w, https:\/\/aisuperior.com\/wp-content\/uploads\/2023\/08\/Ivan-Tankoyeu-circle-2c95f8030c4282e4d5cebb5b889f7400-il8nemx07o9z-300x300.jpg 300w, https:\/\/aisuperior.com\/wp-content\/uploads\/2023\/08\/Ivan-Tankoyeu-circle-2c95f8030c4282e4d5cebb5b889f7400-il8nemx07o9z-150x150.jpg 150w, https:\/\/aisuperior.com\/wp-content\/uploads\/2023\/08\/Ivan-Tankoyeu-circle-2c95f8030c4282e4d5cebb5b889f7400-il8nemx07o9z-768x768.jpg 768w\" sizes=\"(max-width: 800px) 100vw, 800px\" \/>\t\t\t\t\t\t\t\t\t\t\t\t\t\t\t<\/div>\n\t\t\t\t<div class=\"elementor-element elementor-element-3db446e elementor-widget elementor-widget-heading\" data-id=\"3db446e\" data-element_type=\"widget\" data-e-type=\"widget\" data-widget_type=\"heading.default\">\n\t\t\t\t\t<h2 class=\"elementor-heading-title elementor-size-default\">Dr. Ivan Tankoyeu<\/h2>\t\t\t\t<\/div>\n\t\t\t\t<div class=\"elementor-element elementor-element-162f0ed elementor-widget__width-auto elementor-view-default elementor-widget elementor-widget-icon\" data-id=\"162f0ed\" data-element_type=\"widget\" data-e-type=\"widget\" data-widget_type=\"icon.default\">\n\t\t\t\t\t\t\t<div class=\"elementor-icon-wrapper\">\n\t\t\t<a class=\"elementor-icon\" href=\"https:\/\/www.linkedin.com\/in\/tankoyeu\/\">\n\t\t\t<svg aria-hidden=\"true\" class=\"e-font-icon-svg e-fab-linkedin-in\" viewbox=\"0 0 448 512\" xmlns=\"http:\/\/www.w3.org\/2000\/svg\"><path d=\"M100.28 448H7.4V148.9h92.88zM53.79 108.1C24.09 108.1 0 83.5 0 53.8a53.79 53.79 0 0 1 107.58 0c0 29.7-24.1 54.3-53.79 54.3zM447.9 448h-92.68V302.4c0-34.7-.7-79.2-48.29-79.2-48.29 0-55.69 37.7-55.69 76.7V448h-92.78V148.9h89.08v40.8h1.3c12.4-23.5 42.69-48.3 87.88-48.3 94 0 111.28 61.9 111.28 142.3V448z\"><\/path><\/svg>\t\t\t<\/a>\n\t\t<\/div>\n\t\t\t\t\t\t<\/div>\n\t\t\t\t<div class=\"elementor-element elementor-element-7f2a2d9 elementor-widget__width-auto elementor-view-default elementor-widget elementor-widget-icon\" data-id=\"7f2a2d9\" data-element_type=\"widget\" data-e-type=\"widget\" data-widget_type=\"icon.default\">\n\t\t\t\t\t\t\t<div class=\"elementor-icon-wrapper\">\n\t\t\t<a class=\"elementor-icon\" href=\"https:\/\/scholar.google.com\/citations?user=IRoS0JoAAAAJ&#038;hl=en&#038;oi=ao\">\n\t\t\t<svg aria-hidden=\"true\" class=\"e-font-icon-svg e-fab-google\" viewbox=\"0 0 488 512\" xmlns=\"http:\/\/www.w3.org\/2000\/svg\"><path d=\"M488 261.8C488 403.3 391.1 504 248 504 110.8 504 0 393.2 0 256S110.8 8 248 8c66.8 0 123 24.5 166.3 64.9l-67.5 64.9C258.5 52.6 94.3 116.6 94.3 256c0 86.5 69.1 156.6 153.7 156.6 98.2 0 135-70.4 140.8-106.9H248v-85.3h236.1c2.3 12.7 3.9 24.9 3.9 41.4z\"><\/path><\/svg>\t\t\t<\/a>\n\t\t<\/div>\n\t\t\t\t\t\t<\/div>\n\t\t\t\t\t<\/div>\n\t\t<\/div>\n\t\t\t\t<div class=\"elementor-column elementor-col-50 elementor-top-column elementor-element elementor-element-767b6c4\" data-id=\"767b6c4\" data-element_type=\"column\" data-e-type=\"column\">\n\t\t\t<div class=\"elementor-widget-wrap elementor-element-populated\">\n\t\t\t\t\t\t<div class=\"elementor-element elementor-element-4864004 elementor-widget elementor-widget-image\" data-id=\"4864004\" data-element_type=\"widget\" data-e-type=\"widget\" data-widget_type=\"image.default\">\n\t\t\t\t\t\t\t\t\t\t\t\t\t\t\t<img decoding=\"async\" width=\"720\" height=\"720\" src=\"https:\/\/aisuperior.com\/wp-content\/uploads\/2023\/08\/DSC03528-modified-circle-7f1140f080058fcd766575636c44fdec-3str7hgc1idw.png\" class=\"attachment-large size-large wp-image-2396\" alt=\"\" srcset=\"https:\/\/aisuperior.com\/wp-content\/uploads\/2023\/08\/DSC03528-modified-circle-7f1140f080058fcd766575636c44fdec-3str7hgc1idw.png 720w, https:\/\/aisuperior.com\/wp-content\/uploads\/2023\/08\/DSC03528-modified-circle-7f1140f080058fcd766575636c44fdec-3str7hgc1idw-300x300.png 300w, https:\/\/aisuperior.com\/wp-content\/uploads\/2023\/08\/DSC03528-modified-circle-7f1140f080058fcd766575636c44fdec-3str7hgc1idw-150x150.png 150w\" sizes=\"(max-width: 720px) 100vw, 720px\" \/>\t\t\t\t\t\t\t\t\t\t\t\t\t\t\t<\/div>\n\t\t\t\t<div class=\"elementor-element elementor-element-b33dd0a elementor-widget elementor-widget-heading\" data-id=\"b33dd0a\" data-element_type=\"widget\" data-e-type=\"widget\" data-widget_type=\"heading.default\">\n\t\t\t\t\t<h2 class=\"elementor-heading-title elementor-size-default\">Dr. Sergey Sukhanov<\/h2>\t\t\t\t<\/div>\n\t\t\t\t<div class=\"elementor-element elementor-element-a18cb60 elementor-widget__width-auto elementor-view-default elementor-widget elementor-widget-icon\" data-id=\"a18cb60\" data-element_type=\"widget\" data-e-type=\"widget\" data-widget_type=\"icon.default\">\n\t\t\t\t\t\t\t<div class=\"elementor-icon-wrapper\">\n\t\t\t<a class=\"elementor-icon\" href=\"https:\/\/www.linkedin.com\/in\/sergey-sukhanov\/\">\n\t\t\t<svg aria-hidden=\"true\" class=\"e-font-icon-svg e-fab-linkedin-in\" viewbox=\"0 0 448 512\" xmlns=\"http:\/\/www.w3.org\/2000\/svg\"><path d=\"M100.28 448H7.4V148.9h92.88zM53.79 108.1C24.09 108.1 0 83.5 0 53.8a53.79 53.79 0 0 1 107.58 0c0 29.7-24.1 54.3-53.79 54.3zM447.9 448h-92.68V302.4c0-34.7-.7-79.2-48.29-79.2-48.29 0-55.69 37.7-55.69 76.7V448h-92.78V148.9h89.08v40.8h1.3c12.4-23.5 42.69-48.3 87.88-48.3 94 0 111.28 61.9 111.28 142.3V448z\"><\/path><\/svg>\t\t\t<\/a>\n\t\t<\/div>\n\t\t\t\t\t\t<\/div>\n\t\t\t\t<div class=\"elementor-element elementor-element-1d4eb8c elementor-widget__width-auto elementor-view-default elementor-widget elementor-widget-icon\" data-id=\"1d4eb8c\" data-element_type=\"widget\" data-e-type=\"widget\" data-widget_type=\"icon.default\">\n\t\t\t\t\t\t\t<div class=\"elementor-icon-wrapper\">\n\t\t\t<a class=\"elementor-icon\" href=\"https:\/\/scholar.google.com\/citations?hl=en&#038;user=WYJLLfwAAAAJ\">\n\t\t\t<svg aria-hidden=\"true\" class=\"e-font-icon-svg e-fab-google\" viewbox=\"0 0 488 512\" xmlns=\"http:\/\/www.w3.org\/2000\/svg\"><path d=\"M488 261.8C488 403.3 391.1 504 248 504 110.8 504 0 393.2 0 256S110.8 8 248 8c66.8 0 123 24.5 166.3 64.9l-67.5 64.9C258.5 52.6 94.3 116.6 94.3 256c0 86.5 69.1 156.6 153.7 156.6 98.2 0 135-70.4 140.8-106.9H248v-85.3h236.1c2.3 12.7 3.9 24.9 3.9 41.4z\"><\/path><\/svg>\t\t\t<\/a>\n\t\t<\/div>\n\t\t\t\t\t\t<\/div>\n\t\t\t\t\t<\/div>\n\t\t<\/div>\n\t\t\t\t\t<\/div>\n\t\t<\/section>\n\t\t\t\t<\/div>","protected":false},"excerpt":{"rendered":"<p>Dr. Ivan Tankoyeu and Dr. Sergey Sukhanov, the founders of AI Superior, are celebrated pioneers in the field of artificial intelligence, distinguished by their contributions to the AI community. Both have authored a significant number of research papers that advancing both the knowledge base and the practical application of AI technologies. Beyond their academic accomplishments, [&hellip;]<\/p>\n","protected":false},"author":2,"featured_media":0,"parent":0,"menu_order":0,"comment_status":"closed","ping_status":"closed","template":"elementor_header_footer","meta":{"_acf_changed":false,"inline_featured_image":false,"site-sidebar-layout":"no-sidebar","site-content-layout":"","ast-site-content-layout":"full-width-container","site-content-style":"default","site-sidebar-style":"default","ast-global-header-display":"","ast-banner-title-visibility":"","ast-main-header-display":"","ast-hfb-above-header-display":"","ast-hfb-below-header-display":"","ast-hfb-mobile-header-display":"","site-post-title":"disabled","ast-breadcrumbs-content":"","ast-featured-img":"disabled","footer-sml-layout":"","ast-disable-related-posts":"","theme-transparent-header-meta":"default","adv-header-id-meta":"","stick-header-meta":"","header-above-stick-meta":"","header-main-stick-meta":"","header-below-stick-meta":"","astra-migrate-meta-layouts":"set","ast-page-background-enabled":"default","ast-page-background-meta":{"desktop":{"background-color":"var(--ast-global-color-4)","background-image":"","background-repeat":"repeat","background-position":"center center","background-size":"auto","background-attachment":"scroll","background-type":"","background-media":"","overlay-type":"","overlay-color":"","overlay-opacity":"","overlay-gradient":""},"tablet":{"background-color":"","background-image":"","background-repeat":"repeat","background-position":"center center","background-size":"auto","background-attachment":"scroll","background-type":"","background-media":"","overlay-type":"","overlay-color":"","overlay-opacity":"","overlay-gradient":""},"mobile":{"background-color":"","background-image":"","background-repeat":"repeat","background-position":"center center","background-size":"auto","background-attachment":"scroll","background-type":"","background-media":"","overlay-type":"","overlay-color":"","overlay-opacity":"","overlay-gradient":""}},"ast-content-background-meta":{"desktop":{"background-color":"var(--ast-global-color-5)","background-image":"","background-repeat":"repeat","background-position":"center center","background-size":"auto","background-attachment":"scroll","background-type":"","background-media":"","overlay-type":"","overlay-color":"","overlay-opacity":"","overlay-gradient":""},"tablet":{"background-color":"var(--ast-global-color-5)","background-image":"","background-repeat":"repeat","background-position":"center center","background-size":"auto","background-attachment":"scroll","background-type":"","background-media":"","overlay-type":"","overlay-color":"","overlay-opacity":"","overlay-gradient":""},"mobile":{"background-color":"var(--ast-global-color-5)","background-image":"","background-repeat":"repeat","background-position":"center center","background-size":"auto","background-attachment":"scroll","background-type":"","background-media":"","overlay-type":"","overlay-color":"","overlay-opacity":"","overlay-gradient":""}},"footnotes":""},"class_list":["post-23536","page","type-page","status-publish","hentry"],"acf":[],"yoast_head":"<!-- This site is optimized with the Yoast SEO plugin v27.4 - https:\/\/yoast.com\/product\/yoast-seo-wordpress\/ -->\n<title>Founding Team - aisuperior<\/title>\n<meta name=\"robots\" content=\"index, follow, max-snippet:-1, max-image-preview:large, max-video-preview:-1\" \/>\n<link rel=\"canonical\" href=\"https:\/\/aisuperior.com\/fr\/founding-team\/\" \/>\n<meta property=\"og:locale\" content=\"fr_FR\" \/>\n<meta property=\"og:type\" content=\"article\" \/>\n<meta property=\"og:title\" content=\"Founding Team - aisuperior\" \/>\n<meta property=\"og:description\" content=\"Dr. Ivan Tankoyeu and Dr. Sergey Sukhanov, the founders of AI Superior, are celebrated pioneers in the field of artificial intelligence, distinguished by their contributions to the AI community. Both have authored a significant number of research papers that advancing both the knowledge base and the practical application of AI technologies. Beyond their academic accomplishments, [&hellip;]\" \/>\n<meta property=\"og:url\" content=\"https:\/\/aisuperior.com\/fr\/founding-team\/\" \/>\n<meta property=\"og:site_name\" content=\"aisuperior\" \/>\n<meta property=\"article:publisher\" content=\"https:\/\/www.facebook.com\/aisuperior\" \/>\n<meta property=\"article:modified_time\" content=\"2024-08-28T05:08:52+00:00\" \/>\n<meta property=\"og:image\" content=\"https:\/\/aisuperior.com\/wp-content\/uploads\/2023\/08\/Ivan-Tankoyeu-circle-2c95f8030c4282e4d5cebb5b889f7400-il8nemx07o9z.jpg\" \/>\n<meta name=\"twitter:card\" content=\"summary_large_image\" \/>\n<meta name=\"twitter:site\" content=\"@aisuperior\" \/>\n<meta name=\"twitter:label1\" content=\"Dur\u00e9e de lecture estim\u00e9e\" \/>\n\t<meta name=\"twitter:data1\" content=\"2 minutes\" \/>\n<script type=\"application\/ld+json\" class=\"yoast-schema-graph\">{\"@context\":\"https:\\\/\\\/schema.org\",\"@graph\":[{\"@type\":\"WebPage\",\"@id\":\"https:\\\/\\\/aisuperior.com\\\/founding-team\\\/\",\"url\":\"https:\\\/\\\/aisuperior.com\\\/founding-team\\\/\",\"name\":\"Founding Team - aisuperior\",\"isPartOf\":{\"@id\":\"https:\\\/\\\/aisuperior.com\\\/#website\"},\"primaryImageOfPage\":{\"@id\":\"https:\\\/\\\/aisuperior.com\\\/founding-team\\\/#primaryimage\"},\"image\":{\"@id\":\"https:\\\/\\\/aisuperior.com\\\/founding-team\\\/#primaryimage\"},\"thumbnailUrl\":\"https:\\\/\\\/aisuperior.com\\\/wp-content\\\/uploads\\\/2023\\\/08\\\/Ivan-Tankoyeu-circle-2c95f8030c4282e4d5cebb5b889f7400-il8nemx07o9z.jpg\",\"datePublished\":\"2024-08-27T12:32:40+00:00\",\"dateModified\":\"2024-08-28T05:08:52+00:00\",\"breadcrumb\":{\"@id\":\"https:\\\/\\\/aisuperior.com\\\/founding-team\\\/#breadcrumb\"},\"inLanguage\":\"fr-FR\",\"potentialAction\":[{\"@type\":\"ReadAction\",\"target\":[\"https:\\\/\\\/aisuperior.com\\\/founding-team\\\/\"]}]},{\"@type\":\"ImageObject\",\"inLanguage\":\"fr-FR\",\"@id\":\"https:\\\/\\\/aisuperior.com\\\/founding-team\\\/#primaryimage\",\"url\":\"https:\\\/\\\/aisuperior.com\\\/wp-content\\\/uploads\\\/2023\\\/08\\\/Ivan-Tankoyeu-circle-2c95f8030c4282e4d5cebb5b889f7400-il8nemx07o9z.jpg\",\"contentUrl\":\"https:\\\/\\\/aisuperior.com\\\/wp-content\\\/uploads\\\/2023\\\/08\\\/Ivan-Tankoyeu-circle-2c95f8030c4282e4d5cebb5b889f7400-il8nemx07o9z.jpg\"},{\"@type\":\"BreadcrumbList\",\"@id\":\"https:\\\/\\\/aisuperior.com\\\/founding-team\\\/#breadcrumb\",\"itemListElement\":[{\"@type\":\"ListItem\",\"position\":1,\"name\":\"Home\",\"item\":\"https:\\\/\\\/aisuperior.com\\\/\"},{\"@type\":\"ListItem\",\"position\":2,\"name\":\"Founding Team\"}]},{\"@type\":\"WebSite\",\"@id\":\"https:\\\/\\\/aisuperior.com\\\/#website\",\"url\":\"https:\\\/\\\/aisuperior.com\\\/\",\"name\":\"aisuperior\",\"description\":\"\",\"publisher\":{\"@id\":\"https:\\\/\\\/aisuperior.com\\\/#organization\"},\"potentialAction\":[{\"@type\":\"SearchAction\",\"target\":{\"@type\":\"EntryPoint\",\"urlTemplate\":\"https:\\\/\\\/aisuperior.com\\\/?s={search_term_string}\"},\"query-input\":{\"@type\":\"PropertyValueSpecification\",\"valueRequired\":true,\"valueName\":\"search_term_string\"}}],\"inLanguage\":\"fr-FR\"},{\"@type\":\"Organization\",\"@id\":\"https:\\\/\\\/aisuperior.com\\\/#organization\",\"name\":\"aisuperior\",\"url\":\"https:\\\/\\\/aisuperior.com\\\/\",\"logo\":{\"@type\":\"ImageObject\",\"inLanguage\":\"fr-FR\",\"@id\":\"https:\\\/\\\/aisuperior.com\\\/#\\\/schema\\\/logo\\\/image\\\/\",\"url\":\"https:\\\/\\\/aisuperior.com\\\/wp-content\\\/uploads\\\/2026\\\/02\\\/logo-1.png.webp\",\"contentUrl\":\"https:\\\/\\\/aisuperior.com\\\/wp-content\\\/uploads\\\/2026\\\/02\\\/logo-1.png.webp\",\"width\":320,\"height\":59,\"caption\":\"aisuperior\"},\"image\":{\"@id\":\"https:\\\/\\\/aisuperior.com\\\/#\\\/schema\\\/logo\\\/image\\\/\"},\"sameAs\":[\"https:\\\/\\\/www.facebook.com\\\/aisuperior\",\"https:\\\/\\\/x.com\\\/aisuperior\",\"https:\\\/\\\/www.linkedin.com\\\/company\\\/ai-superior\",\"https:\\\/\\\/www.instagram.com\\\/ai_superior\\\/\"]}]}<\/script>\n<!-- \/ Yoast SEO plugin. -->","yoast_head_json":{"title":"Equipe fondatrice - aisuperior","robots":{"index":"index","follow":"follow","max-snippet":"max-snippet:-1","max-image-preview":"max-image-preview:large","max-video-preview":"max-video-preview:-1"},"canonical":"https:\/\/aisuperior.com\/fr\/founding-team\/","og_locale":"fr_FR","og_type":"article","og_title":"Founding Team - aisuperior","og_description":"Dr. Ivan Tankoyeu and Dr. Sergey Sukhanov, the founders of AI Superior, are celebrated pioneers in the field of artificial intelligence, distinguished by their contributions to the AI community. Both have authored a significant number of research papers that advancing both the knowledge base and the practical application of AI technologies. Beyond their academic accomplishments, [&hellip;]","og_url":"https:\/\/aisuperior.com\/fr\/founding-team\/","og_site_name":"aisuperior","article_publisher":"https:\/\/www.facebook.com\/aisuperior","article_modified_time":"2024-08-28T05:08:52+00:00","og_image":[{"url":"https:\/\/aisuperior.com\/wp-content\/uploads\/2023\/08\/Ivan-Tankoyeu-circle-2c95f8030c4282e4d5cebb5b889f7400-il8nemx07o9z.jpg","type":"","width":"","height":""}],"twitter_card":"summary_large_image","twitter_site":"@aisuperior","twitter_misc":{"Dur\u00e9e de lecture estim\u00e9e":"2 minutes"},"schema":{"@context":"https:\/\/schema.org","@graph":[{"@type":"WebPage","@id":"https:\/\/aisuperior.com\/founding-team\/","url":"https:\/\/aisuperior.com\/founding-team\/","name":"Equipe fondatrice - aisuperior","isPartOf":{"@id":"https:\/\/aisuperior.com\/#website"},"primaryImageOfPage":{"@id":"https:\/\/aisuperior.com\/founding-team\/#primaryimage"},"image":{"@id":"https:\/\/aisuperior.com\/founding-team\/#primaryimage"},"thumbnailUrl":"https:\/\/aisuperior.com\/wp-content\/uploads\/2023\/08\/Ivan-Tankoyeu-circle-2c95f8030c4282e4d5cebb5b889f7400-il8nemx07o9z.jpg","datePublished":"2024-08-27T12:32:40+00:00","dateModified":"2024-08-28T05:08:52+00:00","breadcrumb":{"@id":"https:\/\/aisuperior.com\/founding-team\/#breadcrumb"},"inLanguage":"fr-FR","potentialAction":[{"@type":"ReadAction","target":["https:\/\/aisuperior.com\/founding-team\/"]}]},{"@type":"ImageObject","inLanguage":"fr-FR","@id":"https:\/\/aisuperior.com\/founding-team\/#primaryimage","url":"https:\/\/aisuperior.com\/wp-content\/uploads\/2023\/08\/Ivan-Tankoyeu-circle-2c95f8030c4282e4d5cebb5b889f7400-il8nemx07o9z.jpg","contentUrl":"https:\/\/aisuperior.com\/wp-content\/uploads\/2023\/08\/Ivan-Tankoyeu-circle-2c95f8030c4282e4d5cebb5b889f7400-il8nemx07o9z.jpg"},{"@type":"BreadcrumbList","@id":"https:\/\/aisuperior.com\/founding-team\/#breadcrumb","itemListElement":[{"@type":"ListItem","position":1,"name":"Home","item":"https:\/\/aisuperior.com\/"},{"@type":"ListItem","position":2,"name":"Founding Team"}]},{"@type":"WebSite","@id":"https:\/\/aisuperior.com\/#website","url":"https:\/\/aisuperior.com\/","name":"aisuperior","description":"","publisher":{"@id":"https:\/\/aisuperior.com\/#organization"},"potentialAction":[{"@type":"SearchAction","target":{"@type":"EntryPoint","urlTemplate":"https:\/\/aisuperior.com\/?s={search_term_string}"},"query-input":{"@type":"PropertyValueSpecification","valueRequired":true,"valueName":"search_term_string"}}],"inLanguage":"fr-FR"},{"@type":"Organization","@id":"https:\/\/aisuperior.com\/#organization","name":"aisuperior","url":"https:\/\/aisuperior.com\/","logo":{"@type":"ImageObject","inLanguage":"fr-FR","@id":"https:\/\/aisuperior.com\/#\/schema\/logo\/image\/","url":"https:\/\/aisuperior.com\/wp-content\/uploads\/2026\/02\/logo-1.png.webp","contentUrl":"https:\/\/aisuperior.com\/wp-content\/uploads\/2026\/02\/logo-1.png.webp","width":320,"height":59,"caption":"aisuperior"},"image":{"@id":"https:\/\/aisuperior.com\/#\/schema\/logo\/image\/"},"sameAs":["https:\/\/www.facebook.com\/aisuperior","https:\/\/x.com\/aisuperior","https:\/\/www.linkedin.com\/company\/ai-superior","https:\/\/www.instagram.com\/ai_superior\/"]}]}},"_links":{"self":[{"href":"https:\/\/aisuperior.com\/fr\/wp-json\/wp\/v2\/pages\/23536","targetHints":{"allow":["GET"]}}],"collection":[{"href":"https:\/\/aisuperior.com\/fr\/wp-json\/wp\/v2\/pages"}],"about":[{"href":"https:\/\/aisuperior.com\/fr\/wp-json\/wp\/v2\/types\/page"}],"author":[{"embeddable":true,"href":"https:\/\/aisuperior.com\/fr\/wp-json\/wp\/v2\/users\/2"}],"replies":[{"embeddable":true,"href":"https:\/\/aisuperior.com\/fr\/wp-json\/wp\/v2\/comments?post=23536"}],"version-history":[{"count":0,"href":"https:\/\/aisuperior.com\/fr\/wp-json\/wp\/v2\/pages\/23536\/revisions"}],"wp:attachment":[{"href":"https:\/\/aisuperior.com\/fr\/wp-json\/wp\/v2\/media?parent=23536"}],"curies":[{"name":"wp","href":"https:\/\/api.w.org\/{rel}","templated":true}]}}