{"id":3,"date":"2023-08-18T04:36:35","date_gmt":"2023-08-18T04:36:35","guid":{"rendered":"https:\/\/projectsofar.info\/aisuperior\/?page_id=3"},"modified":"2023-12-05T14:56:13","modified_gmt":"2023-12-05T14:56:13","slug":"privacy-policy","status":"publish","type":"page","link":"https:\/\/aisuperior.com\/fr\/privacy-policy\/","title":{"rendered":"politique de confidentialit\u00e9"},"content":{"rendered":"<div data-elementor-type=\"wp-page\" data-elementor-id=\"3\" class=\"elementor elementor-3\" data-elementor-post-type=\"page\">\n\t\t\t\t\t\t<section class=\"elementor-section elementor-top-section elementor-element elementor-element-87935ac elementor-section-boxed elementor-section-height-default elementor-section-height-default\" data-id=\"87935ac\" data-element_type=\"section\" data-e-type=\"section\" data-settings=\"{&quot;background_background&quot;:&quot;classic&quot;}\">\n\t\t\t\t\t\t<div class=\"elementor-container elementor-column-gap-default\">\n\t\t\t\t\t<div class=\"elementor-column elementor-col-100 elementor-top-column elementor-element elementor-element-6402d4a\" data-id=\"6402d4a\" data-element_type=\"column\" data-e-type=\"column\">\n\t\t\t<div class=\"elementor-widget-wrap elementor-element-populated\">\n\t\t\t\t\t\t<div class=\"elementor-element elementor-element-ca135e5 elementor-widget elementor-widget-heading\" data-id=\"ca135e5\" data-element_type=\"widget\" data-e-type=\"widget\" data-widget_type=\"heading.default\">\n\t\t\t\t\t<h1 class=\"elementor-heading-title elementor-size-default\">politique de confidentialit\u00e9<\/h1>\t\t\t\t<\/div>\n\t\t\t\t\t<\/div>\n\t\t<\/div>\n\t\t\t\t\t<\/div>\n\t\t<\/section>\n\t\t\t\t<section class=\"elementor-section elementor-top-section elementor-element elementor-element-4abaa43e elementor-section-boxed elementor-section-height-default elementor-section-height-default\" data-id=\"4abaa43e\" data-element_type=\"section\" data-e-type=\"section\">\n\t\t\t\t\t\t<div class=\"elementor-container elementor-column-gap-default\">\n\t\t\t\t\t<div class=\"elementor-column elementor-col-100 elementor-top-column elementor-element elementor-element-3de1eb2a\" data-id=\"3de1eb2a\" data-element_type=\"column\" data-e-type=\"column\">\n\t\t\t<div class=\"elementor-widget-wrap elementor-element-populated\">\n\t\t\t\t\t\t<div class=\"elementor-element elementor-element-757c5096 privacy-policy-content elementor-widget elementor-widget-text-editor\" data-id=\"757c5096\" data-element_type=\"widget\" data-e-type=\"widget\" data-widget_type=\"text-editor.default\">\n\t\t\t\t\t\t\t\t\t<div class=\"fl-module fl-module-heading fl-node-60c9da22eae4d fl-animation fl-fade-in fl-animated\" data-node=\"60c9da22eae4d\" data-animation-delay=\"0\" data-animation-duration=\"1\">\n<div class=\"fl-module-content fl-node-content\">\n<h2 class=\"fl-heading\"><span class=\"fl-heading-text\"><\/span><\/h2>\n<\/div>\n<\/div>\n<div class=\"fl-module fl-module-rich-text fl-node-60c9d9e5a8947 fl-animation fl-fade-in fl-animated\" data-node=\"60c9d9e5a8947\" data-animation-delay=\"0\" data-animation-duration=\"1\">\n<div class=\"fl-module-content fl-node-content\">\n<div class=\"fl-rich-text\">\n<p>Cette d\u00e9claration de politique de confidentialit\u00e9 s&#039;applique \u00e0 l&#039;offre en ligne d&#039;AI Superior GmbH accessible depuis aisuperior.com (ci-apr\u00e8s d\u00e9nomm\u00e9 \u00ab ce site Web \u00bb). Sur ce site Web, l&#039;une de nos principales priorit\u00e9s est la confidentialit\u00e9 de nos visiteurs. Ce document de politique de confidentialit\u00e9 contient les types d\u2019informations collect\u00e9es et enregistr\u00e9es par ce site Web et la mani\u00e8re dont nous les utilisons. Si vous avez des questions suppl\u00e9mentaires ou avez besoin de plus d&#039;informations sur notre politique de confidentialit\u00e9, n&#039;h\u00e9sitez pas \u00e0 nous contacter.<\/p><p><br><\/p>\n<\/div>\n<\/div>\n<\/div>\n<div class=\"fl-module fl-module-heading fl-node-60c9da47a8193 fl-animation fl-fade-in fl-animated\" data-node=\"60c9da47a8193\" data-animation-delay=\"0\" data-animation-duration=\"1\">\n<div class=\"fl-module-content fl-node-content\">\n<h2 class=\"fl-heading\"><span class=\"fl-heading-text\">Fichiers journaux<\/span><\/h2>\n<\/div>\n<\/div>\n<div class=\"fl-module fl-module-rich-text fl-node-60c9da5498da0 fl-animation fl-fade-in fl-animated\" data-node=\"60c9da5498da0\" data-animation-delay=\"0\" data-animation-duration=\"1\">\n<div class=\"fl-module-content fl-node-content\">\n<div class=\"fl-rich-text\">\n<p>Ce site Web suit une proc\u00e9dure standard d&#039;utilisation de fichiers journaux. Ces fichiers enregistrent les visiteurs lorsqu&#039;ils visitent des sites Web. Toutes les soci\u00e9t\u00e9s d&#039;h\u00e9bergement le font ainsi qu&#039;une partie des analyses des services d&#039;h\u00e9bergement. Les informations collect\u00e9es par les fichiers journaux incluent les adresses de protocole Internet (IP), le type de navigateur, le fournisseur d&#039;acc\u00e8s Internet (FAI), la date et l&#039;heure, les pages de r\u00e9f\u00e9rence\/de sortie et \u00e9ventuellement le nombre de clics. Ceux-ci ne sont li\u00e9s \u00e0 aucune information personnellement identifiable. Le but de ces informations est d&#039;analyser les tendances, d&#039;administrer le site, de suivre les mouvements des utilisateurs sur le site Web et de recueillir des informations d\u00e9mographiques.<\/p>\n<\/div>\n<\/div>\n<\/div>\n<div class=\"fl-module fl-module-heading fl-node-60c9da6242181 fl-animation fl-fade-in fl-animated\" data-node=\"60c9da6242181\" data-animation-delay=\"0\" data-animation-duration=\"1\">\n<div class=\"fl-module-content fl-node-content\">\n<h2 class=\"fl-heading\"><span class=\"fl-heading-text\">Cookies et balises Web<\/span><\/h2>\n<\/div>\n<\/div>\n<div class=\"fl-module fl-module-rich-text fl-node-60c9da6bc7bf2 fl-animation fl-fade-in fl-animated\" data-node=\"60c9da6bc7bf2\" data-animation-delay=\"0\" data-animation-duration=\"1\">\n<div class=\"fl-module-content fl-node-content\">\n<div class=\"fl-rich-text\">\n<p>Comme tout autre site Web, ce site Web utilise des \u00ab cookies \u00bb. Ces cookies sont utilis\u00e9s pour stocker des informations, notamment les pr\u00e9f\u00e9rences des visiteurs et les pages du site Web auxquelles le visiteur a acc\u00e9d\u00e9 ou visit\u00e9. Les informations sont utilis\u00e9es pour optimiser l&#039;exp\u00e9rience des utilisateurs en personnalisant le contenu de notre page Web en fonction du type de navigateur des visiteurs et\/ou d&#039;autres informations.<\/p>\n<\/div>\n<\/div>\n<\/div>\n<div class=\"fl-module fl-module-heading fl-node-60c9da7a1530f fl-animation fl-fade-in fl-animated\" data-node=\"60c9da7a1530f\" data-animation-delay=\"0\" data-animation-duration=\"1\">\n<div class=\"fl-module-content fl-node-content\">\n<h2 class=\"fl-heading\"><span class=\"fl-heading-text\">Annonceurs tiers<\/span><\/h2>\n<\/div>\n<\/div>\n<div class=\"fl-module fl-module-rich-text fl-node-60c9da833311b fl-animation fl-fade-in fl-animated\" data-node=\"60c9da833311b\" data-animation-delay=\"0\" data-animation-duration=\"1\">\n<div class=\"fl-module-content fl-node-content\">\n<div class=\"fl-rich-text\">\n<p>Les serveurs publicitaires ou r\u00e9seaux publicitaires tiers utilisent des technologies telles que les cookies, JavaScript ou les balises Web qui sont utilis\u00e9es dans leurs publicit\u00e9s respectives et les liens qui apparaissent sur ce site Web, qui sont envoy\u00e9s directement au navigateur des utilisateurs. Ils re\u00e7oivent automatiquement votre adresse IP lorsque cela se produit. Ces technologies sont utilis\u00e9es pour mesurer l&#039;efficacit\u00e9 de leurs campagnes publicitaires et\/ou pour personnaliser le contenu publicitaire que vous voyez sur les sites Web que vous visitez. Notez que ce site Web n&#039;a aucun acc\u00e8s ni contr\u00f4le sur ces cookies qui sont utilis\u00e9s par des annonceurs tiers.<\/p>\n<\/div>\n<\/div>\n<\/div>\n<div class=\"fl-module fl-module-heading fl-node-60c9da8c8a67a fl-animation fl-fade-in fl-animated\" data-node=\"60c9da8c8a67a\" data-animation-delay=\"0\" data-animation-duration=\"1\">\n<div class=\"fl-module-content fl-node-content\">\n<h2 class=\"fl-heading\"><span class=\"fl-heading-text\">Politiques de confidentialit\u00e9 des tiers<\/span><\/h2>\n<\/div>\n<\/div>\n<div class=\"fl-module fl-module-rich-text fl-node-60c9da956fd5b fl-animation fl-fade-in fl-animated\" data-node=\"60c9da956fd5b\" data-animation-delay=\"0\" data-animation-duration=\"1\">\n<div class=\"fl-module-content fl-node-content\">\n<div class=\"fl-rich-text\">\n<p>La politique de confidentialit\u00e9 de ce site Web ne s&#039;applique pas aux autres annonceurs ou sites Web. Ainsi, nous vous conseillons de consulter les politiques de confidentialit\u00e9 respectives de ces serveurs publicitaires tiers pour des informations plus d\u00e9taill\u00e9es. Il peut inclure leurs pratiques et instructions sur la mani\u00e8re de se d\u00e9sinscrire de certaines options. Vous pouvez trouver une liste compl\u00e8te de ces politiques de confidentialit\u00e9 et leurs liens ici. Vous pouvez choisir de d\u00e9sactiver les cookies via les options de votre navigateur individuel. Pour conna\u00eetre des informations plus d\u00e9taill\u00e9es sur la gestion des cookies avec des navigateurs Web sp\u00e9cifiques, elles peuvent \u00eatre trouv\u00e9es sur les sites Web respectifs des navigateurs.<\/p>\n<\/div>\n<\/div>\n<\/div>\n<div class=\"fl-module fl-module-heading fl-node-60c9da9f8a47c fl-animation fl-fade-in fl-animated\" data-node=\"60c9da9f8a47c\" data-animation-delay=\"0\" data-animation-duration=\"1\">\n<div class=\"fl-module-content fl-node-content\">\n<h2 class=\"fl-heading\"><span class=\"fl-heading-text\">Informations pour les enfants<\/span><\/h2>\n<\/div>\n<\/div>\n<div class=\"fl-module fl-module-rich-text fl-node-60c9daa916422 fl-animation fl-fade-in fl-animated\" data-node=\"60c9daa916422\" data-animation-delay=\"0\" data-animation-duration=\"1\">\n<div class=\"fl-module-content fl-node-content\">\n<div class=\"fl-rich-text\">\n<p>Une autre partie de notre priorit\u00e9 consiste \u00e0 ajouter une protection aux enfants lorsqu\u2019ils utilisent Internet. Nous encourageons les parents et tuteurs \u00e0 observer, participer et\/ou surveiller et guider leur activit\u00e9 en ligne. Ce site Web ne collecte sciemment aucune information personnelle identifiable aupr\u00e8s d&#039;enfants de moins de 13 ans. Si vous pensez que votre enfant a fourni ce type d&#039;informations sur notre site Web, nous vous encourageons fortement \u00e0 nous contacter imm\u00e9diatement et nous ferons de notre mieux pour le faire rapidement. supprimer ces informations de nos dossiers.<\/p>\n<\/div>\n<\/div>\n<\/div>\n<div class=\"fl-module fl-module-heading fl-node-60c9dab66bbaf fl-animation fl-fade-in fl-animated\" data-node=\"60c9dab66bbaf\" data-animation-delay=\"0\" data-animation-duration=\"1\">\n<div class=\"fl-module-content fl-node-content\">\n<h2 class=\"fl-heading\"><span class=\"fl-heading-text\">Politique de confidentialit\u00e9 en ligne uniquement<\/span><\/h2>\n<\/div>\n<\/div>\n<div class=\"fl-module fl-module-rich-text fl-node-60c9dac1d12eb fl-animation fl-fade-in fl-animated\" data-node=\"60c9dac1d12eb\" data-animation-delay=\"0\" data-animation-duration=\"1\">\n<div class=\"fl-module-content fl-node-content\">\n<div class=\"fl-rich-text\">\n<p>Cette politique de confidentialit\u00e9 s&#039;applique uniquement \u00e0 nos activit\u00e9s en ligne et est valable pour les visiteurs de notre site Web en ce qui concerne les informations qu&#039;ils ont partag\u00e9es et\/ou collect\u00e9es sur ce site Web. Cette politique ne s&#039;applique pas aux informations collect\u00e9es hors ligne ou via des canaux autres que ce site Web.<\/p>\n<\/div>\n<\/div>\n<\/div>\n<div class=\"fl-module fl-module-heading fl-node-60c9d9cb49553 fl-animation fl-fade-in fl-animated\" data-node=\"60c9d9cb49553\" data-animation-delay=\"0\" data-animation-duration=\"1\">\n<div class=\"fl-module-content fl-node-content\">\n<h2 class=\"fl-heading\"><span class=\"fl-heading-text\">Consentement<\/span><\/h2>\n<\/div>\n<\/div>\n<div class=\"fl-module fl-module-rich-text fl-node-60c9da3526aa1 fl-animation fl-fade-in fl-animated\" data-node=\"60c9da3526aa1\" data-animation-delay=\"0\" data-animation-duration=\"1\">\n<div class=\"fl-module-content fl-node-content\">\n<div class=\"fl-rich-text\">\n<p>En utilisant notre site Web, vous consentez par la pr\u00e9sente \u00e0 notre <a href=\"https:\/\/aisuperior.com\/fr\/privacy-policy\/\" target=\"_blank\" rel=\"noopener\">politique de confidentialit\u00e9<\/a>.<br><\/p>\n<\/div>\n<\/div>\n<\/div>\t\t\t\t\t\t\t\t<\/div>\n\t\t\t\t\t<\/div>\n\t\t<\/div>\n\t\t\t\t\t<\/div>\n\t\t<\/section>\n\t\t\t\t<\/div>","protected":false},"excerpt":{"rendered":"<p>Privacy Policy This Privacy Policy declaration applies to the online offer of AI Superior GmbH accessible from aisuperior.com (hereinafter referred to as \u201cthis website\u201d). At this website one of our main priorities is the privacy of our visitors. This Privacy Policy document contains types of information that is collected and recorded by this website and [&hellip;]<\/p>\n","protected":false},"author":2,"featured_media":0,"parent":0,"menu_order":0,"comment_status":"closed","ping_status":"open","template":"elementor_header_footer","meta":{"_acf_changed":false,"inline_featured_image":false,"site-sidebar-layout":"default","site-content-layout":"","ast-site-content-layout":"default","site-content-style":"default","site-sidebar-style":"default","ast-global-header-display":"","ast-banner-title-visibility":"","ast-main-header-display":"","ast-hfb-above-header-display":"","ast-hfb-below-header-display":"","ast-hfb-mobile-header-display":"","site-post-title":"","ast-breadcrumbs-content":"","ast-featured-img":"","footer-sml-layout":"","ast-disable-related-posts":"","theme-transparent-header-meta":"default","adv-header-id-meta":"","stick-header-meta":"","header-above-stick-meta":"","header-main-stick-meta":"","header-below-stick-meta":"","astra-migrate-meta-layouts":"set","ast-page-background-enabled":"default","ast-page-background-meta":{"desktop":{"background-color":"var(--ast-global-color-4)","background-image":"","background-repeat":"repeat","background-position":"center center","background-size":"auto","background-attachment":"scroll","background-type":"","background-media":"","overlay-type":"","overlay-color":"","overlay-opacity":"","overlay-gradient":""},"tablet":{"background-color":"","background-image":"","background-repeat":"repeat","background-position":"center center","background-size":"auto","background-attachment":"scroll","background-type":"","background-media":"","overlay-type":"","overlay-color":"","overlay-opacity":"","overlay-gradient":""},"mobile":{"background-color":"","background-image":"","background-repeat":"repeat","background-position":"center center","background-size":"auto","background-attachment":"scroll","background-type":"","background-media":"","overlay-type":"","overlay-color":"","overlay-opacity":"","overlay-gradient":""}},"ast-content-background-meta":{"desktop":{"background-color":"var(--ast-global-color-5)","background-image":"","background-repeat":"repeat","background-position":"center center","background-size":"auto","background-attachment":"scroll","background-type":"","background-media":"","overlay-type":"","overlay-color":"","overlay-opacity":"","overlay-gradient":""},"tablet":{"background-color":"var(--ast-global-color-5)","background-image":"","background-repeat":"repeat","background-position":"center center","background-size":"auto","background-attachment":"scroll","background-type":"","background-media":"","overlay-type":"","overlay-color":"","overlay-opacity":"","overlay-gradient":""},"mobile":{"background-color":"var(--ast-global-color-5)","background-image":"","background-repeat":"repeat","background-position":"center center","background-size":"auto","background-attachment":"scroll","background-type":"","background-media":"","overlay-type":"","overlay-color":"","overlay-opacity":"","overlay-gradient":""}},"footnotes":""},"class_list":["post-3","page","type-page","status-publish","hentry"],"acf":[],"yoast_head":"<!-- This site is optimized with the Yoast SEO plugin v27.3 - https:\/\/yoast.com\/product\/yoast-seo-wordpress\/ -->\n<title>Privacy Policy | Ai Superior<\/title>\n<meta name=\"description\" content=\"The privacy policy applies to the services we provide. Make sure to go through terms and conditions about the information we collect, use, or share.\" \/>\n<meta name=\"robots\" content=\"index, follow, max-snippet:-1, max-image-preview:large, max-video-preview:-1\" \/>\n<link rel=\"canonical\" href=\"https:\/\/aisuperior.com\/fr\/privacy-policy\/\" \/>\n<meta property=\"og:locale\" content=\"fr_FR\" \/>\n<meta property=\"og:type\" content=\"article\" \/>\n<meta property=\"og:title\" content=\"Privacy Policy | Ai Superior\" \/>\n<meta property=\"og:description\" content=\"The privacy policy applies to the services we provide. Make sure to go through terms and conditions about the information we collect, use, or share.\" \/>\n<meta property=\"og:url\" content=\"https:\/\/aisuperior.com\/fr\/privacy-policy\/\" \/>\n<meta property=\"og:site_name\" content=\"aisuperior\" \/>\n<meta property=\"article:publisher\" content=\"https:\/\/www.facebook.com\/aisuperior\" \/>\n<meta property=\"article:modified_time\" content=\"2023-12-05T14:56:13+00:00\" \/>\n<meta name=\"twitter:card\" content=\"summary_large_image\" \/>\n<meta name=\"twitter:site\" content=\"@aisuperior\" \/>\n<meta name=\"twitter:label1\" content=\"Dur\u00e9e de lecture estim\u00e9e\" \/>\n\t<meta name=\"twitter:data1\" content=\"3 minutes\" \/>\n<script type=\"application\/ld+json\" class=\"yoast-schema-graph\">{\"@context\":\"https:\\\/\\\/schema.org\",\"@graph\":[{\"@type\":\"WebPage\",\"@id\":\"https:\\\/\\\/aisuperior.com\\\/privacy-policy\\\/\",\"url\":\"https:\\\/\\\/aisuperior.com\\\/privacy-policy\\\/\",\"name\":\"Privacy Policy | Ai Superior\",\"isPartOf\":{\"@id\":\"https:\\\/\\\/aisuperior.com\\\/#website\"},\"datePublished\":\"2023-08-18T04:36:35+00:00\",\"dateModified\":\"2023-12-05T14:56:13+00:00\",\"description\":\"The privacy policy applies to the services we provide. Make sure to go through terms and conditions about the information we collect, use, or share.\",\"breadcrumb\":{\"@id\":\"https:\\\/\\\/aisuperior.com\\\/privacy-policy\\\/#breadcrumb\"},\"inLanguage\":\"fr-FR\",\"potentialAction\":[{\"@type\":\"ReadAction\",\"target\":[\"https:\\\/\\\/aisuperior.com\\\/privacy-policy\\\/\"]}]},{\"@type\":\"BreadcrumbList\",\"@id\":\"https:\\\/\\\/aisuperior.com\\\/privacy-policy\\\/#breadcrumb\",\"itemListElement\":[{\"@type\":\"ListItem\",\"position\":1,\"name\":\"Home\",\"item\":\"https:\\\/\\\/aisuperior.com\\\/\"},{\"@type\":\"ListItem\",\"position\":2,\"name\":\"Privacy Policy\"}]},{\"@type\":\"WebSite\",\"@id\":\"https:\\\/\\\/aisuperior.com\\\/#website\",\"url\":\"https:\\\/\\\/aisuperior.com\\\/\",\"name\":\"aisuperior\",\"description\":\"\",\"publisher\":{\"@id\":\"https:\\\/\\\/aisuperior.com\\\/#organization\"},\"potentialAction\":[{\"@type\":\"SearchAction\",\"target\":{\"@type\":\"EntryPoint\",\"urlTemplate\":\"https:\\\/\\\/aisuperior.com\\\/?s={search_term_string}\"},\"query-input\":{\"@type\":\"PropertyValueSpecification\",\"valueRequired\":true,\"valueName\":\"search_term_string\"}}],\"inLanguage\":\"fr-FR\"},{\"@type\":\"Organization\",\"@id\":\"https:\\\/\\\/aisuperior.com\\\/#organization\",\"name\":\"aisuperior\",\"url\":\"https:\\\/\\\/aisuperior.com\\\/\",\"logo\":{\"@type\":\"ImageObject\",\"inLanguage\":\"fr-FR\",\"@id\":\"https:\\\/\\\/aisuperior.com\\\/#\\\/schema\\\/logo\\\/image\\\/\",\"url\":\"https:\\\/\\\/aisuperior.com\\\/wp-content\\\/uploads\\\/2026\\\/02\\\/logo-1.png.webp\",\"contentUrl\":\"https:\\\/\\\/aisuperior.com\\\/wp-content\\\/uploads\\\/2026\\\/02\\\/logo-1.png.webp\",\"width\":320,\"height\":59,\"caption\":\"aisuperior\"},\"image\":{\"@id\":\"https:\\\/\\\/aisuperior.com\\\/#\\\/schema\\\/logo\\\/image\\\/\"},\"sameAs\":[\"https:\\\/\\\/www.facebook.com\\\/aisuperior\",\"https:\\\/\\\/x.com\\\/aisuperior\",\"https:\\\/\\\/www.linkedin.com\\\/company\\\/ai-superior\",\"https:\\\/\\\/www.instagram.com\\\/ai_superior\\\/\"]}]}<\/script>\n<!-- \/ Yoast SEO plugin. -->","yoast_head_json":{"title":"Politique de confidentialit\u00e9 | Ai Sup\u00e9rieure","description":"La politique de confidentialit\u00e9 s&#039;applique aux services que nous fournissons. Assurez-vous de consulter les termes et conditions concernant les informations que nous collectons, utilisons ou partageons.","robots":{"index":"index","follow":"follow","max-snippet":"max-snippet:-1","max-image-preview":"max-image-preview:large","max-video-preview":"max-video-preview:-1"},"canonical":"https:\/\/aisuperior.com\/fr\/privacy-policy\/","og_locale":"fr_FR","og_type":"article","og_title":"Privacy Policy | Ai Superior","og_description":"The privacy policy applies to the services we provide. Make sure to go through terms and conditions about the information we collect, use, or share.","og_url":"https:\/\/aisuperior.com\/fr\/privacy-policy\/","og_site_name":"aisuperior","article_publisher":"https:\/\/www.facebook.com\/aisuperior","article_modified_time":"2023-12-05T14:56:13+00:00","twitter_card":"summary_large_image","twitter_site":"@aisuperior","twitter_misc":{"Dur\u00e9e de lecture estim\u00e9e":"3 minutes"},"schema":{"@context":"https:\/\/schema.org","@graph":[{"@type":"WebPage","@id":"https:\/\/aisuperior.com\/privacy-policy\/","url":"https:\/\/aisuperior.com\/privacy-policy\/","name":"Politique de confidentialit\u00e9 | Ai Sup\u00e9rieure","isPartOf":{"@id":"https:\/\/aisuperior.com\/#website"},"datePublished":"2023-08-18T04:36:35+00:00","dateModified":"2023-12-05T14:56:13+00:00","description":"La politique de confidentialit\u00e9 s&#039;applique aux services que nous fournissons. Assurez-vous de consulter les termes et conditions concernant les informations que nous collectons, utilisons ou partageons.","breadcrumb":{"@id":"https:\/\/aisuperior.com\/privacy-policy\/#breadcrumb"},"inLanguage":"fr-FR","potentialAction":[{"@type":"ReadAction","target":["https:\/\/aisuperior.com\/privacy-policy\/"]}]},{"@type":"BreadcrumbList","@id":"https:\/\/aisuperior.com\/privacy-policy\/#breadcrumb","itemListElement":[{"@type":"ListItem","position":1,"name":"Home","item":"https:\/\/aisuperior.com\/"},{"@type":"ListItem","position":2,"name":"Privacy Policy"}]},{"@type":"WebSite","@id":"https:\/\/aisuperior.com\/#website","url":"https:\/\/aisuperior.com\/","name":"aisuperior","description":"","publisher":{"@id":"https:\/\/aisuperior.com\/#organization"},"potentialAction":[{"@type":"SearchAction","target":{"@type":"EntryPoint","urlTemplate":"https:\/\/aisuperior.com\/?s={search_term_string}"},"query-input":{"@type":"PropertyValueSpecification","valueRequired":true,"valueName":"search_term_string"}}],"inLanguage":"fr-FR"},{"@type":"Organization","@id":"https:\/\/aisuperior.com\/#organization","name":"aisuperior","url":"https:\/\/aisuperior.com\/","logo":{"@type":"ImageObject","inLanguage":"fr-FR","@id":"https:\/\/aisuperior.com\/#\/schema\/logo\/image\/","url":"https:\/\/aisuperior.com\/wp-content\/uploads\/2026\/02\/logo-1.png.webp","contentUrl":"https:\/\/aisuperior.com\/wp-content\/uploads\/2026\/02\/logo-1.png.webp","width":320,"height":59,"caption":"aisuperior"},"image":{"@id":"https:\/\/aisuperior.com\/#\/schema\/logo\/image\/"},"sameAs":["https:\/\/www.facebook.com\/aisuperior","https:\/\/x.com\/aisuperior","https:\/\/www.linkedin.com\/company\/ai-superior","https:\/\/www.instagram.com\/ai_superior\/"]}]}},"_links":{"self":[{"href":"https:\/\/aisuperior.com\/fr\/wp-json\/wp\/v2\/pages\/3","targetHints":{"allow":["GET"]}}],"collection":[{"href":"https:\/\/aisuperior.com\/fr\/wp-json\/wp\/v2\/pages"}],"about":[{"href":"https:\/\/aisuperior.com\/fr\/wp-json\/wp\/v2\/types\/page"}],"author":[{"embeddable":true,"href":"https:\/\/aisuperior.com\/fr\/wp-json\/wp\/v2\/users\/2"}],"replies":[{"embeddable":true,"href":"https:\/\/aisuperior.com\/fr\/wp-json\/wp\/v2\/comments?post=3"}],"version-history":[{"count":0,"href":"https:\/\/aisuperior.com\/fr\/wp-json\/wp\/v2\/pages\/3\/revisions"}],"wp:attachment":[{"href":"https:\/\/aisuperior.com\/fr\/wp-json\/wp\/v2\/media?parent=3"}],"curies":[{"name":"wp","href":"https:\/\/api.w.org\/{rel}","templated":true}]}}